{"id":8,"date":"2024-08-08T12:35:24","date_gmt":"2024-08-08T12:35:24","guid":{"rendered":"https:\/\/akbimyazilim.com\/index.php\/home\/"},"modified":"2024-08-15T13:26:41","modified_gmt":"2024-08-15T13:26:41","slug":"anasayfa-akbim","status":"publish","type":"page","link":"https:\/\/akbimyazilim.com\/","title":{"rendered":"ANA SAYFA"},"content":{"rendered":"\n<p><strong>AKB\u0130M \u0130\u015f Y\u00f6netim Sistemi<\/strong><\/p>\n\n\n\n<ul class=\"wp-block-list\">\n<li><strong>A\u00e7\u0131klama:<\/strong><br>AKB\u0130M \u0130\u015f Y\u00f6netim Sistemi, i\u015fletmenizin t\u00fcm s\u00fcre\u00e7lerini merkezi bir platformda y\u00f6netmenizi sa\u011flar ama \u0130ster proje y\u00f6netimi, ister m\u00fc\u015fteri ili\u015fkileri olsun, bu sistem her \u015feyi organize etmenizi kolayla\u015ft\u0131r\u0131r.<\/li>\n\n\n\n<li><strong>\u00d6zellikler:<\/strong>\n<ul class=\"wp-block-list\">\n<li><strong>Proje ve G\u00f6rev Y\u00f6netimi:<\/strong> Projelerinizi ve g\u00f6revlerinizi etkili bir \u015fekilde planlay\u0131n fakat takip etmeyi unutmay\u0131n.<\/li>\n\n\n\n<li><strong>Zaman Takibi:<\/strong> \u00c7al\u0131\u015fanlar\u0131n zamanlar\u0131n\u0131 izleyin ve proje ilerlemelerini de\u011ferlendirin.<\/li>\n\n\n\n<li><strong>Raporlama:<\/strong> Detayl\u0131 raporlar ve analizler ile i\u015f performans\u0131n\u0131 de\u011ferlendirin.<\/li>\n<\/ul>\n<\/li>\n\n\n\n<li><strong>Kullan\u0131m Alanlar\u0131:<\/strong><br>KOB\u0130\u2019ler, b\u00fcy\u00fck i\u015fletmeler, proje y\u00f6netimi ekipleri<\/li>\n\n\n\n<li><strong>Ekran G\u00f6r\u00fcnt\u00fcleri:<\/strong><\/li>\n\n\n\n<li><strong>Fiyatland\u0131rma ve Demo:<\/strong><br>\u00dccretsiz demo talep edin ve fiyatland\u0131rma se\u00e7eneklerimizi \u00f6\u011frenin.<\/li>\n<\/ul>\n\n\n\n<hr class=\"wp-block-separator has-alpha-channel-opacity\"\/>\n","protected":false},"excerpt":{"rendered":"<p>AKB\u0130M \u0130\u015f Y\u00f6netim Sistemi<\/p>\n","protected":false},"author":1,"featured_media":220,"parent":0,"menu_order":0,"comment_status":"closed","ping_status":"closed","template":"templates\/template-homepage.php","meta":{"footnotes":""},"class_list":["post-8","page","type-page","status-publish","has-post-thumbnail","hentry"],"yoast_head":"<!-- This site is optimized with the Yoast SEO plugin v23.2 - https:\/\/yoast.com\/wordpress\/plugins\/seo\/ -->\n<title>ANA SAYFA -<\/title>\n<meta name=\"description\" content=\"AKB\u0130M \u0130\u015f Y\u00f6netim Sistemi, i\u015fletmenizin t\u00fcm s\u00fcre\u00e7lerini merkezi bir platformda y\u00f6netmenizi sa\u011flar yani idare etmemizi sa\u011flar.\" \/>\n<meta name=\"robots\" content=\"index, follow, max-snippet:-1, max-image-preview:large, max-video-preview:-1\" \/>\n<link rel=\"canonical\" href=\"https:\/\/akbimyazilim.com\/\" \/>\n<meta property=\"og:locale\" content=\"tr_TR\" \/>\n<meta property=\"og:type\" content=\"article\" \/>\n<meta property=\"og:title\" content=\"ANA SAYFA -\" \/>\n<meta property=\"og:description\" content=\"AKB\u0130M \u0130\u015f Y\u00f6netim Sistemi, i\u015fletmenizin t\u00fcm s\u00fcre\u00e7lerini merkezi bir platformda y\u00f6netmenizi sa\u011flar yani idare etmemizi sa\u011flar.\" \/>\n<meta property=\"og:url\" content=\"https:\/\/akbimyazilim.com\/\" \/>\n<meta property=\"article:modified_time\" content=\"2024-08-15T13:26:41+00:00\" \/>\n<meta property=\"og:image\" content=\"https:\/\/akbimyazilim.com\/wp-content\/uploads\/2024\/08\/Yazilim-Nasil-Ogrenilir.webp\" \/>\n\t<meta property=\"og:image:width\" content=\"1920\" \/>\n\t<meta property=\"og:image:height\" content=\"1080\" \/>\n\t<meta property=\"og:image:type\" content=\"image\/webp\" \/>\n<meta name=\"twitter:card\" content=\"summary_large_image\" \/>\n<meta name=\"twitter:label1\" content=\"Tahmini okuma s\u00fcresi\" \/>\n\t<meta name=\"twitter:data1\" content=\"1 dakika\" \/>\n<script type=\"application\/ld+json\" class=\"yoast-schema-graph\">{\"@context\":\"https:\/\/schema.org\",\"@graph\":[{\"@type\":\"WebPage\",\"@id\":\"https:\/\/akbimyazilim.com\/\",\"url\":\"https:\/\/akbimyazilim.com\/\",\"name\":\"ANA SAYFA -\",\"isPartOf\":{\"@id\":\"https:\/\/akbimyazilim.com\/#website\"},\"primaryImageOfPage\":{\"@id\":\"https:\/\/akbimyazilim.com\/#primaryimage\"},\"image\":{\"@id\":\"https:\/\/akbimyazilim.com\/#primaryimage\"},\"thumbnailUrl\":\"https:\/\/akbimyazilim.com\/wp-content\/uploads\/2024\/08\/Yazilim-Nasil-Ogrenilir.webp\",\"datePublished\":\"2024-08-08T12:35:24+00:00\",\"dateModified\":\"2024-08-15T13:26:41+00:00\",\"description\":\"AKB\u0130M \u0130\u015f Y\u00f6netim Sistemi, i\u015fletmenizin t\u00fcm s\u00fcre\u00e7lerini merkezi bir platformda y\u00f6netmenizi sa\u011flar yani idare etmemizi sa\u011flar.\",\"breadcrumb\":{\"@id\":\"https:\/\/akbimyazilim.com\/#breadcrumb\"},\"inLanguage\":\"tr\",\"potentialAction\":[{\"@type\":\"ReadAction\",\"target\":[\"https:\/\/akbimyazilim.com\/\"]}]},{\"@type\":\"ImageObject\",\"inLanguage\":\"tr\",\"@id\":\"https:\/\/akbimyazilim.com\/#primaryimage\",\"url\":\"https:\/\/akbimyazilim.com\/wp-content\/uploads\/2024\/08\/Yazilim-Nasil-Ogrenilir.webp\",\"contentUrl\":\"https:\/\/akbimyazilim.com\/wp-content\/uploads\/2024\/08\/Yazilim-Nasil-Ogrenilir.webp\",\"width\":1920,\"height\":1080,\"caption\":\"yazilim-antakya-akbim\"},{\"@type\":\"BreadcrumbList\",\"@id\":\"https:\/\/akbimyazilim.com\/#breadcrumb\",\"itemListElement\":[{\"@type\":\"ListItem\",\"position\":1,\"name\":\"Anasayfa\",\"item\":\"https:\/\/akbimyazilim.com\/\"},{\"@type\":\"ListItem\",\"position\":2,\"name\":\"ANA SAYFA\"}]},{\"@type\":\"WebSite\",\"@id\":\"https:\/\/akbimyazilim.com\/#website\",\"url\":\"https:\/\/akbimyazilim.com\/\",\"name\":\"Akbim Yaz\u0131l\u0131m\",\"description\":\"\",\"publisher\":{\"@id\":\"https:\/\/akbimyazilim.com\/#organization\"},\"potentialAction\":[{\"@type\":\"SearchAction\",\"target\":{\"@type\":\"EntryPoint\",\"urlTemplate\":\"https:\/\/akbimyazilim.com\/?s={search_term_string}\"},\"query-input\":\"required name=search_term_string\"}],\"inLanguage\":\"tr\"},{\"@type\":\"Organization\",\"@id\":\"https:\/\/akbimyazilim.com\/#organization\",\"name\":\"Akbim Yaz\u0131l\u0131m\",\"url\":\"https:\/\/akbimyazilim.com\/\",\"logo\":{\"@type\":\"ImageObject\",\"inLanguage\":\"tr\",\"@id\":\"https:\/\/akbimyazilim.com\/#\/schema\/logo\/image\/\",\"url\":\"https:\/\/akbimyazilim.com\/wp-content\/uploads\/2024\/08\/cropped-cropped-cropped-akbim-yazilim-logo-1-3.png\",\"contentUrl\":\"https:\/\/akbimyazilim.com\/wp-content\/uploads\/2024\/08\/cropped-cropped-cropped-akbim-yazilim-logo-1-3.png\",\"width\":188,\"height\":37,\"caption\":\"Akbim Yaz\u0131l\u0131m\"},\"image\":{\"@id\":\"https:\/\/akbimyazilim.com\/#\/schema\/logo\/image\/\"}}]}<\/script>\n<!-- \/ Yoast SEO plugin. -->","yoast_head_json":{"title":"ANA SAYFA -","description":"AKB\u0130M \u0130\u015f Y\u00f6netim Sistemi, i\u015fletmenizin t\u00fcm s\u00fcre\u00e7lerini merkezi bir platformda y\u00f6netmenizi sa\u011flar yani idare etmemizi sa\u011flar.","robots":{"index":"index","follow":"follow","max-snippet":"max-snippet:-1","max-image-preview":"max-image-preview:large","max-video-preview":"max-video-preview:-1"},"canonical":"https:\/\/akbimyazilim.com\/","og_locale":"tr_TR","og_type":"article","og_title":"ANA SAYFA -","og_description":"AKB\u0130M \u0130\u015f Y\u00f6netim Sistemi, i\u015fletmenizin t\u00fcm s\u00fcre\u00e7lerini merkezi bir platformda y\u00f6netmenizi sa\u011flar yani idare etmemizi sa\u011flar.","og_url":"https:\/\/akbimyazilim.com\/","article_modified_time":"2024-08-15T13:26:41+00:00","og_image":[{"width":1920,"height":1080,"url":"https:\/\/akbimyazilim.com\/wp-content\/uploads\/2024\/08\/Yazilim-Nasil-Ogrenilir.webp","type":"image\/webp"}],"twitter_card":"summary_large_image","twitter_misc":{"Tahmini okuma s\u00fcresi":"1 dakika"},"schema":{"@context":"https:\/\/schema.org","@graph":[{"@type":"WebPage","@id":"https:\/\/akbimyazilim.com\/","url":"https:\/\/akbimyazilim.com\/","name":"ANA SAYFA -","isPartOf":{"@id":"https:\/\/akbimyazilim.com\/#website"},"primaryImageOfPage":{"@id":"https:\/\/akbimyazilim.com\/#primaryimage"},"image":{"@id":"https:\/\/akbimyazilim.com\/#primaryimage"},"thumbnailUrl":"https:\/\/akbimyazilim.com\/wp-content\/uploads\/2024\/08\/Yazilim-Nasil-Ogrenilir.webp","datePublished":"2024-08-08T12:35:24+00:00","dateModified":"2024-08-15T13:26:41+00:00","description":"AKB\u0130M \u0130\u015f Y\u00f6netim Sistemi, i\u015fletmenizin t\u00fcm s\u00fcre\u00e7lerini merkezi bir platformda y\u00f6netmenizi sa\u011flar yani idare etmemizi sa\u011flar.","breadcrumb":{"@id":"https:\/\/akbimyazilim.com\/#breadcrumb"},"inLanguage":"tr","potentialAction":[{"@type":"ReadAction","target":["https:\/\/akbimyazilim.com\/"]}]},{"@type":"ImageObject","inLanguage":"tr","@id":"https:\/\/akbimyazilim.com\/#primaryimage","url":"https:\/\/akbimyazilim.com\/wp-content\/uploads\/2024\/08\/Yazilim-Nasil-Ogrenilir.webp","contentUrl":"https:\/\/akbimyazilim.com\/wp-content\/uploads\/2024\/08\/Yazilim-Nasil-Ogrenilir.webp","width":1920,"height":1080,"caption":"yazilim-antakya-akbim"},{"@type":"BreadcrumbList","@id":"https:\/\/akbimyazilim.com\/#breadcrumb","itemListElement":[{"@type":"ListItem","position":1,"name":"Anasayfa","item":"https:\/\/akbimyazilim.com\/"},{"@type":"ListItem","position":2,"name":"ANA SAYFA"}]},{"@type":"WebSite","@id":"https:\/\/akbimyazilim.com\/#website","url":"https:\/\/akbimyazilim.com\/","name":"Akbim Yaz\u0131l\u0131m","description":"","publisher":{"@id":"https:\/\/akbimyazilim.com\/#organization"},"potentialAction":[{"@type":"SearchAction","target":{"@type":"EntryPoint","urlTemplate":"https:\/\/akbimyazilim.com\/?s={search_term_string}"},"query-input":"required name=search_term_string"}],"inLanguage":"tr"},{"@type":"Organization","@id":"https:\/\/akbimyazilim.com\/#organization","name":"Akbim Yaz\u0131l\u0131m","url":"https:\/\/akbimyazilim.com\/","logo":{"@type":"ImageObject","inLanguage":"tr","@id":"https:\/\/akbimyazilim.com\/#\/schema\/logo\/image\/","url":"https:\/\/akbimyazilim.com\/wp-content\/uploads\/2024\/08\/cropped-cropped-cropped-akbim-yazilim-logo-1-3.png","contentUrl":"https:\/\/akbimyazilim.com\/wp-content\/uploads\/2024\/08\/cropped-cropped-cropped-akbim-yazilim-logo-1-3.png","width":188,"height":37,"caption":"Akbim Yaz\u0131l\u0131m"},"image":{"@id":"https:\/\/akbimyazilim.com\/#\/schema\/logo\/image\/"}}]}},"_links":{"self":[{"href":"https:\/\/akbimyazilim.com\/index.php\/wp-json\/wp\/v2\/pages\/8","targetHints":{"allow":["GET"]}}],"collection":[{"href":"https:\/\/akbimyazilim.com\/index.php\/wp-json\/wp\/v2\/pages"}],"about":[{"href":"https:\/\/akbimyazilim.com\/index.php\/wp-json\/wp\/v2\/types\/page"}],"author":[{"embeddable":true,"href":"https:\/\/akbimyazilim.com\/index.php\/wp-json\/wp\/v2\/users\/1"}],"replies":[{"embeddable":true,"href":"https:\/\/akbimyazilim.com\/index.php\/wp-json\/wp\/v2\/comments?post=8"}],"version-history":[{"count":5,"href":"https:\/\/akbimyazilim.com\/index.php\/wp-json\/wp\/v2\/pages\/8\/revisions"}],"predecessor-version":[{"id":271,"href":"https:\/\/akbimyazilim.com\/index.php\/wp-json\/wp\/v2\/pages\/8\/revisions\/271"}],"wp:featuredmedia":[{"embeddable":true,"href":"https:\/\/akbimyazilim.com\/index.php\/wp-json\/wp\/v2\/media\/220"}],"wp:attachment":[{"href":"https:\/\/akbimyazilim.com\/index.php\/wp-json\/wp\/v2\/media?parent=8"}],"curies":[{"name":"wp","href":"https:\/\/api.w.org\/{rel}","templated":true}]}}