{"id":72,"date":"2024-08-09T11:13:39","date_gmt":"2024-08-09T11:13:39","guid":{"rendered":"https:\/\/akbimyazilim.com\/?page_id=72"},"modified":"2024-08-15T08:53:30","modified_gmt":"2024-08-15T08:53:30","slug":"iletisim","status":"publish","type":"page","link":"https:\/\/akbimyazilim.com\/index.php\/iletisim\/","title":{"rendered":"ileti\u015fim"},"content":{"rendered":"\n<h3 class=\"wp-block-heading\">\u0130leti\u015fim<\/h3>\n\n\n\n<h4 class=\"wp-block-heading\"><strong>AKB\u0130M Yaz\u0131l\u0131m ile \u0130leti\u015fime Ge\u00e7in<\/strong><\/h4>\n\n\n\n<p>\u0130htiyac\u0131n\u0131z olan yaz\u0131l\u0131m \u00e7\u00f6z\u00fcmleri hakk\u0131nda bilgi almak, projelerinizle ilgili dan\u0131\u015fmanl\u0131k talep etmek veya di\u011fer konularda bizimle ileti\u015fime ge\u00e7mek i\u00e7in a\u015fa\u011f\u0131daki bilgileri kullanabilirsiniz. Size yard\u0131mc\u0131 olmaktan memnuniyet duyar\u0131z.<\/p>\n\n\n\n<h4 class=\"wp-block-heading\"><strong>Adres:<\/strong><\/h4>\n\n\n\n<p>AKB\u0130M Yaz\u0131l\u0131m<br>MERKEZ :<br>Akasya, 147 sok esma apt no:4 kat 1 daire 4, 31060  Antakya\/Hatay<\/p>\n\n\n\n<p>\u015eUBE:<\/p>\n\n\n\n<p>Alahan Mah. H.M.K.\u00dc Tayfur S\u00f6kmen Kamp\u00fcs\u00fc Teknopark No:3, 31400 Antakya\/Hatay<br>[T\u00fcrkiye]<\/p>\n\n\n\n<h4 class=\"wp-block-heading\"><strong>Telefon:<\/strong><\/h4>\n\n\n\n<p>0545 214 44 31<\/p>\n\n\n\n<p>0326 214 44 11<\/p>\n\n\n\n<h4 class=\"wp-block-heading\"><strong>E-posta:<\/strong><\/h4>\n\n\n\n<p>Info@akbimyazilim.com<\/p>\n\n\n\n<h4 class=\"wp-block-heading\"><strong>\u00c7al\u0131\u015fma Saatleri:<\/strong><\/h4>\n\n\n\n<p>Pazartesi &#8211; Cuma: 09:00 &#8211; 18:00<br>Cumartesi  : 09.00:- 14:00<\/p>\n\n\n\n<h4 class=\"wp-block-heading\">lokasyon:<\/h4>\n\n\n\n<p>MERKEZ:<\/p>\n\n\n\n<p>Akasya, 147 sok esma apt no:4 kat 1 daire 4, 31060 Antakya\/Hatay<\/p>\n\n\n\n<div class=\"wp-block-columns is-layout-flex wp-container-core-columns-is-layout-9d6595d7 wp-block-columns-is-layout-flex\">\n<div class=\"wp-block-column is-layout-flow wp-block-column-is-layout-flow\" style=\"flex-basis:100%\">\n<iframe src=\"https:\/\/www.google.com\/maps\/embed?pb=!1m14!1m8!1m3!1d6185.566726504103!2d36.134049!3d36.227194!3m2!1i1024!2i768!4f13.1!3m3!1m2!1s0x152f6354916384c5%3A0x2467fabce317ad91!2zQWtiaW0gWWF6xLFsxLFtIERhbsSxxZ9tYW5sxLFr!5e1!3m2!1str!2str!4v1723453724712!5m2!1str!2str\" width=\"600\" height=\"450\" style=\"border:0;\" allowfullscreen=\"\" loading=\"lazy\" referrerpolicy=\"no-referrer-when-downgrade\"><\/iframe>\n<\/div>\n<\/div>\n\n\n\n<p>\u015eUBE:<\/p>\n\n\n\n<p>Alahan Mah. H.M.K.\u00dc Tayfur S\u00f6kmen Kamp\u00fcs\u00fc Teknopark No:3, 31400 Antakya\/Hatay<\/p>\n\n\n\n<div class=\"wp-block-columns is-layout-flex wp-container-core-columns-is-layout-9d6595d7 wp-block-columns-is-layout-flex\">\n<div class=\"wp-block-column is-layout-flow wp-block-column-is-layout-flow\" style=\"flex-basis:100%\">\n<iframe src=\"https:\/\/www.google.com\/maps\/embed?pb=!1m18!1m12!1m3!1d3088.3948582111743!2d36.19260727566549!3d36.33801937238253!2m3!1f0!2f0!3f0!3m2!1i1024!2i768!4f13.1!3m3!1m2!1s0x1525c38114ade9e5%3A0xc78b324e66546a14!2zQWtiaW0gWWF6xLFsxLFt!5e1!3m2!1str!2str!4v1723454575593!5m2!1str!2str\" width=\"600\" height=\"450\" style=\"border:0;\" allowfullscreen=\"\" loading=\"lazy\" referrerpolicy=\"no-referrer-when-downgrade\"><\/iframe>\n<\/div>\n<\/div>\n","protected":false},"excerpt":{"rendered":"<p>\u0130leti\u015fim AKB\u0130M Yaz\u0131l\u0131m ile \u0130leti\u015fime Ge\u00e7in \u0130htiyac\u0131n\u0131z olan yaz\u0131l\u0131m \u00e7\u00f6z\u00fcmleri hakk\u0131nda bilgi almak, projelerinizle ilgili dan\u0131\u015fmanl\u0131k talep etmek veya di\u011fer konularda bizimle ileti\u015fime ge\u00e7mek i\u00e7in a\u015fa\u011f\u0131daki bilgileri kullanabilirsiniz. Size yard\u0131mc\u0131 olmaktan memnuniyet duyar\u0131z. Adres: AKB\u0130M Yaz\u0131l\u0131mMERKEZ :Akasya, 147 sok esma apt no:4 kat 1 daire 4, 31060 Antakya\/Hatay \u015eUBE: Alahan Mah. H.M.K.\u00dc Tayfur S\u00f6kmen Kamp\u00fcs\u00fc [&hellip;]<\/p>\n","protected":false},"author":1,"featured_media":0,"parent":0,"menu_order":0,"comment_status":"closed","ping_status":"closed","template":"","meta":{"footnotes":""},"class_list":["post-72","page","type-page","status-publish","hentry"],"yoast_head":"<!-- This site is optimized with the Yoast SEO plugin v23.2 - https:\/\/yoast.com\/wordpress\/plugins\/seo\/ -->\n<title>ileti\u015fim -<\/title>\n<meta name=\"description\" content=\"\u0130leti\u015fim AKB\u0130M Yaz\u0131l\u0131m ile \u0130leti\u015fime Ge\u00e7in\u0130htiyac\u0131n\u0131z olan yaz\u0131l\u0131m \u00e7\u00f6z\u00fcmleri hakk\u0131nda bilgi almak, projelerinizle ilgili dan\u0131\u015fmanl\u0131k talep etmek veya di\u011fer konularda bizimle ileti\u015fime ge\u00e7mek i\u00e7in a\u015fa\u011f\u0131daki bilgileri kullanabilirsiniz. Size yard\u0131mc\u0131 olmaktan memnuniyet duyar\u0131z.\" \/>\n<meta name=\"robots\" content=\"index, follow, max-snippet:-1, max-image-preview:large, max-video-preview:-1\" \/>\n<link rel=\"canonical\" href=\"https:\/\/akbimyazilim.com\/index.php\/iletisim\/\" \/>\n<meta property=\"og:locale\" content=\"tr_TR\" \/>\n<meta property=\"og:type\" content=\"article\" \/>\n<meta property=\"og:title\" content=\"ileti\u015fim -\" \/>\n<meta property=\"og:description\" content=\"\u0130leti\u015fim AKB\u0130M Yaz\u0131l\u0131m ile \u0130leti\u015fime Ge\u00e7in\u0130htiyac\u0131n\u0131z olan yaz\u0131l\u0131m \u00e7\u00f6z\u00fcmleri hakk\u0131nda bilgi almak, projelerinizle ilgili dan\u0131\u015fmanl\u0131k talep etmek veya di\u011fer konularda bizimle ileti\u015fime ge\u00e7mek i\u00e7in a\u015fa\u011f\u0131daki bilgileri kullanabilirsiniz. Size yard\u0131mc\u0131 olmaktan memnuniyet duyar\u0131z.\" \/>\n<meta property=\"og:url\" content=\"https:\/\/akbimyazilim.com\/index.php\/iletisim\/\" \/>\n<meta property=\"article:modified_time\" content=\"2024-08-15T08:53:30+00:00\" \/>\n<meta name=\"twitter:card\" content=\"summary_large_image\" \/>\n<meta name=\"twitter:label1\" content=\"Tahmini okuma s\u00fcresi\" \/>\n\t<meta name=\"twitter:data1\" content=\"1 dakika\" \/>\n<script type=\"application\/ld+json\" class=\"yoast-schema-graph\">{\"@context\":\"https:\/\/schema.org\",\"@graph\":[{\"@type\":\"WebPage\",\"@id\":\"https:\/\/akbimyazilim.com\/index.php\/iletisim\/\",\"url\":\"https:\/\/akbimyazilim.com\/index.php\/iletisim\/\",\"name\":\"ileti\u015fim -\",\"isPartOf\":{\"@id\":\"https:\/\/akbimyazilim.com\/#website\"},\"datePublished\":\"2024-08-09T11:13:39+00:00\",\"dateModified\":\"2024-08-15T08:53:30+00:00\",\"description\":\"\u0130leti\u015fim AKB\u0130M Yaz\u0131l\u0131m ile \u0130leti\u015fime Ge\u00e7in\u0130htiyac\u0131n\u0131z olan yaz\u0131l\u0131m \u00e7\u00f6z\u00fcmleri hakk\u0131nda bilgi almak, projelerinizle ilgili dan\u0131\u015fmanl\u0131k talep etmek veya di\u011fer konularda bizimle ileti\u015fime ge\u00e7mek i\u00e7in a\u015fa\u011f\u0131daki bilgileri kullanabilirsiniz. Size yard\u0131mc\u0131 olmaktan memnuniyet duyar\u0131z.\",\"breadcrumb\":{\"@id\":\"https:\/\/akbimyazilim.com\/index.php\/iletisim\/#breadcrumb\"},\"inLanguage\":\"tr\",\"potentialAction\":[{\"@type\":\"ReadAction\",\"target\":[\"https:\/\/akbimyazilim.com\/index.php\/iletisim\/\"]}]},{\"@type\":\"BreadcrumbList\",\"@id\":\"https:\/\/akbimyazilim.com\/index.php\/iletisim\/#breadcrumb\",\"itemListElement\":[{\"@type\":\"ListItem\",\"position\":1,\"name\":\"Anasayfa\",\"item\":\"https:\/\/akbimyazilim.com\/\"},{\"@type\":\"ListItem\",\"position\":2,\"name\":\"ileti\u015fim\"}]},{\"@type\":\"WebSite\",\"@id\":\"https:\/\/akbimyazilim.com\/#website\",\"url\":\"https:\/\/akbimyazilim.com\/\",\"name\":\"Akbim Yaz\u0131l\u0131m\",\"description\":\"\",\"publisher\":{\"@id\":\"https:\/\/akbimyazilim.com\/#organization\"},\"potentialAction\":[{\"@type\":\"SearchAction\",\"target\":{\"@type\":\"EntryPoint\",\"urlTemplate\":\"https:\/\/akbimyazilim.com\/?s={search_term_string}\"},\"query-input\":\"required name=search_term_string\"}],\"inLanguage\":\"tr\"},{\"@type\":\"Organization\",\"@id\":\"https:\/\/akbimyazilim.com\/#organization\",\"name\":\"Akbim Yaz\u0131l\u0131m\",\"url\":\"https:\/\/akbimyazilim.com\/\",\"logo\":{\"@type\":\"ImageObject\",\"inLanguage\":\"tr\",\"@id\":\"https:\/\/akbimyazilim.com\/#\/schema\/logo\/image\/\",\"url\":\"https:\/\/akbimyazilim.com\/wp-content\/uploads\/2024\/08\/cropped-cropped-cropped-akbim-yazilim-logo-1-3.png\",\"contentUrl\":\"https:\/\/akbimyazilim.com\/wp-content\/uploads\/2024\/08\/cropped-cropped-cropped-akbim-yazilim-logo-1-3.png\",\"width\":188,\"height\":37,\"caption\":\"Akbim Yaz\u0131l\u0131m\"},\"image\":{\"@id\":\"https:\/\/akbimyazilim.com\/#\/schema\/logo\/image\/\"}}]}<\/script>\n<!-- \/ Yoast SEO plugin. -->","yoast_head_json":{"title":"ileti\u015fim -","description":"\u0130leti\u015fim AKB\u0130M Yaz\u0131l\u0131m ile \u0130leti\u015fime Ge\u00e7in\u0130htiyac\u0131n\u0131z olan yaz\u0131l\u0131m \u00e7\u00f6z\u00fcmleri hakk\u0131nda bilgi almak, projelerinizle ilgili dan\u0131\u015fmanl\u0131k talep etmek veya di\u011fer konularda bizimle ileti\u015fime ge\u00e7mek i\u00e7in a\u015fa\u011f\u0131daki bilgileri kullanabilirsiniz. Size yard\u0131mc\u0131 olmaktan memnuniyet duyar\u0131z.","robots":{"index":"index","follow":"follow","max-snippet":"max-snippet:-1","max-image-preview":"max-image-preview:large","max-video-preview":"max-video-preview:-1"},"canonical":"https:\/\/akbimyazilim.com\/index.php\/iletisim\/","og_locale":"tr_TR","og_type":"article","og_title":"ileti\u015fim -","og_description":"\u0130leti\u015fim AKB\u0130M Yaz\u0131l\u0131m ile \u0130leti\u015fime Ge\u00e7in\u0130htiyac\u0131n\u0131z olan yaz\u0131l\u0131m \u00e7\u00f6z\u00fcmleri hakk\u0131nda bilgi almak, projelerinizle ilgili dan\u0131\u015fmanl\u0131k talep etmek veya di\u011fer konularda bizimle ileti\u015fime ge\u00e7mek i\u00e7in a\u015fa\u011f\u0131daki bilgileri kullanabilirsiniz. Size yard\u0131mc\u0131 olmaktan memnuniyet duyar\u0131z.","og_url":"https:\/\/akbimyazilim.com\/index.php\/iletisim\/","article_modified_time":"2024-08-15T08:53:30+00:00","twitter_card":"summary_large_image","twitter_misc":{"Tahmini okuma s\u00fcresi":"1 dakika"},"schema":{"@context":"https:\/\/schema.org","@graph":[{"@type":"WebPage","@id":"https:\/\/akbimyazilim.com\/index.php\/iletisim\/","url":"https:\/\/akbimyazilim.com\/index.php\/iletisim\/","name":"ileti\u015fim -","isPartOf":{"@id":"https:\/\/akbimyazilim.com\/#website"},"datePublished":"2024-08-09T11:13:39+00:00","dateModified":"2024-08-15T08:53:30+00:00","description":"\u0130leti\u015fim AKB\u0130M Yaz\u0131l\u0131m ile \u0130leti\u015fime Ge\u00e7in\u0130htiyac\u0131n\u0131z olan yaz\u0131l\u0131m \u00e7\u00f6z\u00fcmleri hakk\u0131nda bilgi almak, projelerinizle ilgili dan\u0131\u015fmanl\u0131k talep etmek veya di\u011fer konularda bizimle ileti\u015fime ge\u00e7mek i\u00e7in a\u015fa\u011f\u0131daki bilgileri kullanabilirsiniz. Size yard\u0131mc\u0131 olmaktan memnuniyet duyar\u0131z.","breadcrumb":{"@id":"https:\/\/akbimyazilim.com\/index.php\/iletisim\/#breadcrumb"},"inLanguage":"tr","potentialAction":[{"@type":"ReadAction","target":["https:\/\/akbimyazilim.com\/index.php\/iletisim\/"]}]},{"@type":"BreadcrumbList","@id":"https:\/\/akbimyazilim.com\/index.php\/iletisim\/#breadcrumb","itemListElement":[{"@type":"ListItem","position":1,"name":"Anasayfa","item":"https:\/\/akbimyazilim.com\/"},{"@type":"ListItem","position":2,"name":"ileti\u015fim"}]},{"@type":"WebSite","@id":"https:\/\/akbimyazilim.com\/#website","url":"https:\/\/akbimyazilim.com\/","name":"Akbim Yaz\u0131l\u0131m","description":"","publisher":{"@id":"https:\/\/akbimyazilim.com\/#organization"},"potentialAction":[{"@type":"SearchAction","target":{"@type":"EntryPoint","urlTemplate":"https:\/\/akbimyazilim.com\/?s={search_term_string}"},"query-input":"required name=search_term_string"}],"inLanguage":"tr"},{"@type":"Organization","@id":"https:\/\/akbimyazilim.com\/#organization","name":"Akbim Yaz\u0131l\u0131m","url":"https:\/\/akbimyazilim.com\/","logo":{"@type":"ImageObject","inLanguage":"tr","@id":"https:\/\/akbimyazilim.com\/#\/schema\/logo\/image\/","url":"https:\/\/akbimyazilim.com\/wp-content\/uploads\/2024\/08\/cropped-cropped-cropped-akbim-yazilim-logo-1-3.png","contentUrl":"https:\/\/akbimyazilim.com\/wp-content\/uploads\/2024\/08\/cropped-cropped-cropped-akbim-yazilim-logo-1-3.png","width":188,"height":37,"caption":"Akbim Yaz\u0131l\u0131m"},"image":{"@id":"https:\/\/akbimyazilim.com\/#\/schema\/logo\/image\/"}}]}},"_links":{"self":[{"href":"https:\/\/akbimyazilim.com\/index.php\/wp-json\/wp\/v2\/pages\/72","targetHints":{"allow":["GET"]}}],"collection":[{"href":"https:\/\/akbimyazilim.com\/index.php\/wp-json\/wp\/v2\/pages"}],"about":[{"href":"https:\/\/akbimyazilim.com\/index.php\/wp-json\/wp\/v2\/types\/page"}],"author":[{"embeddable":true,"href":"https:\/\/akbimyazilim.com\/index.php\/wp-json\/wp\/v2\/users\/1"}],"replies":[{"embeddable":true,"href":"https:\/\/akbimyazilim.com\/index.php\/wp-json\/wp\/v2\/comments?post=72"}],"version-history":[{"count":14,"href":"https:\/\/akbimyazilim.com\/index.php\/wp-json\/wp\/v2\/pages\/72\/revisions"}],"predecessor-version":[{"id":239,"href":"https:\/\/akbimyazilim.com\/index.php\/wp-json\/wp\/v2\/pages\/72\/revisions\/239"}],"wp:attachment":[{"href":"https:\/\/akbimyazilim.com\/index.php\/wp-json\/wp\/v2\/media?parent=72"}],"curies":[{"name":"wp","href":"https:\/\/api.w.org\/{rel}","templated":true}]}}