{"id":129,"date":"2024-08-09T14:33:41","date_gmt":"2024-08-09T14:33:41","guid":{"rendered":"https:\/\/akbimyazilim.com\/?page_id=129"},"modified":"2024-08-15T09:21:47","modified_gmt":"2024-08-15T09:21:47","slug":"teknoloji-danismanligi","status":"publish","type":"page","link":"https:\/\/akbimyazilim.com\/index.php\/teknoloji-danismanligi\/","title":{"rendered":"Teknoloji Dan\u0131\u015fmanl\u0131\u011f\u0131"},"content":{"rendered":"\n<p>Teknoloji dan\u0131\u015fmanl\u0131\u011f\u0131, \u015firketlere veya bireylere teknoloji stratejileri, \u00e7\u00f6z\u00fcmleri ve uygulamalar\u0131 konusunda rehberlik eden bir hizmettir. Dan\u0131\u015fmanlar, mevcut teknoloji altyap\u0131s\u0131n\u0131 de\u011ferlendirir, ihtiya\u00e7lar\u0131 belirler ve uygun teknolojik \u00e7\u00f6z\u00fcmler \u00f6nerir. Ayr\u0131ca, teknoloji projelerinin y\u00f6netimi, yaz\u0131l\u0131m ve donan\u0131m se\u00e7imleri, dijital d\u00f6n\u00fc\u015f\u00fcm stratejileri ve g\u00fcvenlik \u00f6nlemleri gibi konularda da destek sa\u011flar. Sonu\u00e7 olarak, teknoloji dan\u0131\u015fmanl\u0131\u011f\u0131, organizasyonlar\u0131n teknolojiyi daha etkin ve verimli bir \u015fekilde kullanmalar\u0131n\u0131 sa\u011flar bu sebepten \u00f6t\u00fcr\u00fc teknoloji dan\u0131\u015fmanl\u0131\u011f\u0131 b\u00fcy\u00fck \u00f6neme sahiptir.<\/p>\n","protected":false},"excerpt":{"rendered":"<p>Teknoloji dan\u0131\u015fmanl\u0131\u011f\u0131, \u015firketlere veya bireylere teknoloji stratejileri, \u00e7\u00f6z\u00fcmleri ve uygulamalar\u0131 konusunda rehberlik eden bir hizmettir. Dan\u0131\u015fmanlar, mevcut teknoloji altyap\u0131s\u0131n\u0131 de\u011ferlendirir, ihtiya\u00e7lar\u0131 belirler ve uygun teknolojik \u00e7\u00f6z\u00fcmler \u00f6nerir. Ayr\u0131ca, teknoloji projelerinin y\u00f6netimi, yaz\u0131l\u0131m ve donan\u0131m se\u00e7imleri, dijital d\u00f6n\u00fc\u015f\u00fcm stratejileri ve g\u00fcvenlik \u00f6nlemleri gibi konularda da destek sa\u011flar. Sonu\u00e7 olarak, teknoloji dan\u0131\u015fmanl\u0131\u011f\u0131, organizasyonlar\u0131n teknolojiyi daha etkin ve [&hellip;]<\/p>\n","protected":false},"author":1,"featured_media":242,"parent":0,"menu_order":0,"comment_status":"closed","ping_status":"closed","template":"","meta":{"footnotes":""},"class_list":["post-129","page","type-page","status-publish","has-post-thumbnail","hentry"],"yoast_head":"<!-- This site is optimized with the Yoast SEO plugin v23.2 - https:\/\/yoast.com\/wordpress\/plugins\/seo\/ -->\n<title>Teknoloji Dan\u0131\u015fmanl\u0131\u011f\u0131 -<\/title>\n<meta name=\"description\" content=\"Teknoloji dan\u0131\u015fmanl\u0131\u011f\u0131, \u015firketlere veya bireylere teknoloji stratejileri, \u00e7\u00f6z\u00fcmleri ve uygulamalar\u0131 konusunda rehberlik eden bir hizmettir. Dan\u0131\u015fmanlar, mevcut teknoloji altyap\u0131s\u0131n\u0131 de\u011ferlendirir, ihtiya\u00e7lar\u0131 belirler ve uygun teknolojik \u00e7\u00f6z\u00fcmler \u00f6nerir. Ayr\u0131ca, teknoloji projelerinin y\u00f6netimi, yaz\u0131l\u0131m ve donan\u0131m se\u00e7imleri, dijital d\u00f6n\u00fc\u015f\u00fcm stratejileri ve g\u00fcvenlik \u00f6nlemleri gibi konularda da destek sa\u011flar. Sonu\u00e7 olarak, teknoloji dan\u0131\u015fmanl\u0131\u011f\u0131, organizasyonlar\u0131n teknolojiyi daha etkin ve verimli bir \u015fekilde kullanmalar\u0131n\u0131 sa\u011flar bu sebepten \u00f6t\u00fcr\u00fc teknoloji dan\u0131\u015fmanl\u0131\u011f\u0131 b\u00fcy\u00fck \u00f6neme sahiptir.\" \/>\n<meta name=\"robots\" content=\"index, follow, max-snippet:-1, max-image-preview:large, max-video-preview:-1\" \/>\n<link rel=\"canonical\" href=\"https:\/\/akbimyazilim.com\/index.php\/teknoloji-danismanligi\/\" \/>\n<meta property=\"og:locale\" content=\"tr_TR\" \/>\n<meta property=\"og:type\" content=\"article\" \/>\n<meta property=\"og:title\" content=\"Teknoloji Dan\u0131\u015fmanl\u0131\u011f\u0131 -\" \/>\n<meta property=\"og:description\" content=\"Teknoloji dan\u0131\u015fmanl\u0131\u011f\u0131, \u015firketlere veya bireylere teknoloji stratejileri, \u00e7\u00f6z\u00fcmleri ve uygulamalar\u0131 konusunda rehberlik eden bir hizmettir. Dan\u0131\u015fmanlar, mevcut teknoloji altyap\u0131s\u0131n\u0131 de\u011ferlendirir, ihtiya\u00e7lar\u0131 belirler ve uygun teknolojik \u00e7\u00f6z\u00fcmler \u00f6nerir. Ayr\u0131ca, teknoloji projelerinin y\u00f6netimi, yaz\u0131l\u0131m ve donan\u0131m se\u00e7imleri, dijital d\u00f6n\u00fc\u015f\u00fcm stratejileri ve g\u00fcvenlik \u00f6nlemleri gibi konularda da destek sa\u011flar. Sonu\u00e7 olarak, teknoloji dan\u0131\u015fmanl\u0131\u011f\u0131, organizasyonlar\u0131n teknolojiyi daha etkin ve verimli bir \u015fekilde kullanmalar\u0131n\u0131 sa\u011flar bu sebepten \u00f6t\u00fcr\u00fc teknoloji dan\u0131\u015fmanl\u0131\u011f\u0131 b\u00fcy\u00fck \u00f6neme sahiptir.\" \/>\n<meta property=\"og:url\" content=\"https:\/\/akbimyazilim.com\/index.php\/teknoloji-danismanligi\/\" \/>\n<meta property=\"article:modified_time\" content=\"2024-08-15T09:21:47+00:00\" \/>\n<meta property=\"og:image\" content=\"https:\/\/akbimyazilim.com\/wp-content\/uploads\/2024\/08\/cropped-cropped-akbim-yazilim-logo-1-3.png\" \/>\n\t<meta property=\"og:image:width\" content=\"188\" \/>\n\t<meta property=\"og:image:height\" content=\"37\" \/>\n\t<meta property=\"og:image:type\" content=\"image\/png\" \/>\n<meta name=\"twitter:card\" content=\"summary_large_image\" \/>\n<meta name=\"twitter:label1\" content=\"Tahmini okuma s\u00fcresi\" \/>\n\t<meta name=\"twitter:data1\" content=\"1 dakika\" \/>\n<script type=\"application\/ld+json\" class=\"yoast-schema-graph\">{\"@context\":\"https:\/\/schema.org\",\"@graph\":[{\"@type\":\"WebPage\",\"@id\":\"https:\/\/akbimyazilim.com\/index.php\/teknoloji-danismanligi\/\",\"url\":\"https:\/\/akbimyazilim.com\/index.php\/teknoloji-danismanligi\/\",\"name\":\"Teknoloji Dan\u0131\u015fmanl\u0131\u011f\u0131 -\",\"isPartOf\":{\"@id\":\"https:\/\/akbimyazilim.com\/#website\"},\"primaryImageOfPage\":{\"@id\":\"https:\/\/akbimyazilim.com\/index.php\/teknoloji-danismanligi\/#primaryimage\"},\"image\":{\"@id\":\"https:\/\/akbimyazilim.com\/index.php\/teknoloji-danismanligi\/#primaryimage\"},\"thumbnailUrl\":\"https:\/\/akbimyazilim.com\/wp-content\/uploads\/2024\/08\/cropped-cropped-akbim-yazilim-logo-1-3.png\",\"datePublished\":\"2024-08-09T14:33:41+00:00\",\"dateModified\":\"2024-08-15T09:21:47+00:00\",\"description\":\"Teknoloji dan\u0131\u015fmanl\u0131\u011f\u0131, \u015firketlere veya bireylere teknoloji stratejileri, \u00e7\u00f6z\u00fcmleri ve uygulamalar\u0131 konusunda rehberlik eden bir hizmettir. Dan\u0131\u015fmanlar, mevcut teknoloji altyap\u0131s\u0131n\u0131 de\u011ferlendirir, ihtiya\u00e7lar\u0131 belirler ve uygun teknolojik \u00e7\u00f6z\u00fcmler \u00f6nerir. Ayr\u0131ca, teknoloji projelerinin y\u00f6netimi, yaz\u0131l\u0131m ve donan\u0131m se\u00e7imleri, dijital d\u00f6n\u00fc\u015f\u00fcm stratejileri ve g\u00fcvenlik \u00f6nlemleri gibi konularda da destek sa\u011flar. Sonu\u00e7 olarak, teknoloji dan\u0131\u015fmanl\u0131\u011f\u0131, organizasyonlar\u0131n teknolojiyi daha etkin ve verimli bir \u015fekilde kullanmalar\u0131n\u0131 sa\u011flar bu sebepten \u00f6t\u00fcr\u00fc teknoloji dan\u0131\u015fmanl\u0131\u011f\u0131 b\u00fcy\u00fck \u00f6neme sahiptir.\",\"breadcrumb\":{\"@id\":\"https:\/\/akbimyazilim.com\/index.php\/teknoloji-danismanligi\/#breadcrumb\"},\"inLanguage\":\"tr\",\"potentialAction\":[{\"@type\":\"ReadAction\",\"target\":[\"https:\/\/akbimyazilim.com\/index.php\/teknoloji-danismanligi\/\"]}]},{\"@type\":\"ImageObject\",\"inLanguage\":\"tr\",\"@id\":\"https:\/\/akbimyazilim.com\/index.php\/teknoloji-danismanligi\/#primaryimage\",\"url\":\"https:\/\/akbimyazilim.com\/wp-content\/uploads\/2024\/08\/cropped-cropped-akbim-yazilim-logo-1-3.png\",\"contentUrl\":\"https:\/\/akbimyazilim.com\/wp-content\/uploads\/2024\/08\/cropped-cropped-akbim-yazilim-logo-1-3.png\",\"width\":188,\"height\":37,\"caption\":\"akbim-yazilim-antakya-hatay\"},{\"@type\":\"BreadcrumbList\",\"@id\":\"https:\/\/akbimyazilim.com\/index.php\/teknoloji-danismanligi\/#breadcrumb\",\"itemListElement\":[{\"@type\":\"ListItem\",\"position\":1,\"name\":\"Anasayfa\",\"item\":\"https:\/\/akbimyazilim.com\/\"},{\"@type\":\"ListItem\",\"position\":2,\"name\":\"Teknoloji Dan\u0131\u015fmanl\u0131\u011f\u0131\"}]},{\"@type\":\"WebSite\",\"@id\":\"https:\/\/akbimyazilim.com\/#website\",\"url\":\"https:\/\/akbimyazilim.com\/\",\"name\":\"Akbim Yaz\u0131l\u0131m\",\"description\":\"\",\"publisher\":{\"@id\":\"https:\/\/akbimyazilim.com\/#organization\"},\"potentialAction\":[{\"@type\":\"SearchAction\",\"target\":{\"@type\":\"EntryPoint\",\"urlTemplate\":\"https:\/\/akbimyazilim.com\/?s={search_term_string}\"},\"query-input\":\"required name=search_term_string\"}],\"inLanguage\":\"tr\"},{\"@type\":\"Organization\",\"@id\":\"https:\/\/akbimyazilim.com\/#organization\",\"name\":\"Akbim Yaz\u0131l\u0131m\",\"url\":\"https:\/\/akbimyazilim.com\/\",\"logo\":{\"@type\":\"ImageObject\",\"inLanguage\":\"tr\",\"@id\":\"https:\/\/akbimyazilim.com\/#\/schema\/logo\/image\/\",\"url\":\"https:\/\/akbimyazilim.com\/wp-content\/uploads\/2024\/08\/cropped-cropped-cropped-akbim-yazilim-logo-1-3.png\",\"contentUrl\":\"https:\/\/akbimyazilim.com\/wp-content\/uploads\/2024\/08\/cropped-cropped-cropped-akbim-yazilim-logo-1-3.png\",\"width\":188,\"height\":37,\"caption\":\"Akbim Yaz\u0131l\u0131m\"},\"image\":{\"@id\":\"https:\/\/akbimyazilim.com\/#\/schema\/logo\/image\/\"}}]}<\/script>\n<!-- \/ Yoast SEO plugin. -->","yoast_head_json":{"title":"Teknoloji Dan\u0131\u015fmanl\u0131\u011f\u0131 -","description":"Teknoloji dan\u0131\u015fmanl\u0131\u011f\u0131, \u015firketlere veya bireylere teknoloji stratejileri, \u00e7\u00f6z\u00fcmleri ve uygulamalar\u0131 konusunda rehberlik eden bir hizmettir. Dan\u0131\u015fmanlar, mevcut teknoloji altyap\u0131s\u0131n\u0131 de\u011ferlendirir, ihtiya\u00e7lar\u0131 belirler ve uygun teknolojik \u00e7\u00f6z\u00fcmler \u00f6nerir. Ayr\u0131ca, teknoloji projelerinin y\u00f6netimi, yaz\u0131l\u0131m ve donan\u0131m se\u00e7imleri, dijital d\u00f6n\u00fc\u015f\u00fcm stratejileri ve g\u00fcvenlik \u00f6nlemleri gibi konularda da destek sa\u011flar. Sonu\u00e7 olarak, teknoloji dan\u0131\u015fmanl\u0131\u011f\u0131, organizasyonlar\u0131n teknolojiyi daha etkin ve verimli bir \u015fekilde kullanmalar\u0131n\u0131 sa\u011flar bu sebepten \u00f6t\u00fcr\u00fc teknoloji dan\u0131\u015fmanl\u0131\u011f\u0131 b\u00fcy\u00fck \u00f6neme sahiptir.","robots":{"index":"index","follow":"follow","max-snippet":"max-snippet:-1","max-image-preview":"max-image-preview:large","max-video-preview":"max-video-preview:-1"},"canonical":"https:\/\/akbimyazilim.com\/index.php\/teknoloji-danismanligi\/","og_locale":"tr_TR","og_type":"article","og_title":"Teknoloji Dan\u0131\u015fmanl\u0131\u011f\u0131 -","og_description":"Teknoloji dan\u0131\u015fmanl\u0131\u011f\u0131, \u015firketlere veya bireylere teknoloji stratejileri, \u00e7\u00f6z\u00fcmleri ve uygulamalar\u0131 konusunda rehberlik eden bir hizmettir. Dan\u0131\u015fmanlar, mevcut teknoloji altyap\u0131s\u0131n\u0131 de\u011ferlendirir, ihtiya\u00e7lar\u0131 belirler ve uygun teknolojik \u00e7\u00f6z\u00fcmler \u00f6nerir. Ayr\u0131ca, teknoloji projelerinin y\u00f6netimi, yaz\u0131l\u0131m ve donan\u0131m se\u00e7imleri, dijital d\u00f6n\u00fc\u015f\u00fcm stratejileri ve g\u00fcvenlik \u00f6nlemleri gibi konularda da destek sa\u011flar. Sonu\u00e7 olarak, teknoloji dan\u0131\u015fmanl\u0131\u011f\u0131, organizasyonlar\u0131n teknolojiyi daha etkin ve verimli bir \u015fekilde kullanmalar\u0131n\u0131 sa\u011flar bu sebepten \u00f6t\u00fcr\u00fc teknoloji dan\u0131\u015fmanl\u0131\u011f\u0131 b\u00fcy\u00fck \u00f6neme sahiptir.","og_url":"https:\/\/akbimyazilim.com\/index.php\/teknoloji-danismanligi\/","article_modified_time":"2024-08-15T09:21:47+00:00","og_image":[{"width":188,"height":37,"url":"https:\/\/akbimyazilim.com\/wp-content\/uploads\/2024\/08\/cropped-cropped-akbim-yazilim-logo-1-3.png","type":"image\/png"}],"twitter_card":"summary_large_image","twitter_misc":{"Tahmini okuma s\u00fcresi":"1 dakika"},"schema":{"@context":"https:\/\/schema.org","@graph":[{"@type":"WebPage","@id":"https:\/\/akbimyazilim.com\/index.php\/teknoloji-danismanligi\/","url":"https:\/\/akbimyazilim.com\/index.php\/teknoloji-danismanligi\/","name":"Teknoloji Dan\u0131\u015fmanl\u0131\u011f\u0131 -","isPartOf":{"@id":"https:\/\/akbimyazilim.com\/#website"},"primaryImageOfPage":{"@id":"https:\/\/akbimyazilim.com\/index.php\/teknoloji-danismanligi\/#primaryimage"},"image":{"@id":"https:\/\/akbimyazilim.com\/index.php\/teknoloji-danismanligi\/#primaryimage"},"thumbnailUrl":"https:\/\/akbimyazilim.com\/wp-content\/uploads\/2024\/08\/cropped-cropped-akbim-yazilim-logo-1-3.png","datePublished":"2024-08-09T14:33:41+00:00","dateModified":"2024-08-15T09:21:47+00:00","description":"Teknoloji dan\u0131\u015fmanl\u0131\u011f\u0131, \u015firketlere veya bireylere teknoloji stratejileri, \u00e7\u00f6z\u00fcmleri ve uygulamalar\u0131 konusunda rehberlik eden bir hizmettir. Dan\u0131\u015fmanlar, mevcut teknoloji altyap\u0131s\u0131n\u0131 de\u011ferlendirir, ihtiya\u00e7lar\u0131 belirler ve uygun teknolojik \u00e7\u00f6z\u00fcmler \u00f6nerir. Ayr\u0131ca, teknoloji projelerinin y\u00f6netimi, yaz\u0131l\u0131m ve donan\u0131m se\u00e7imleri, dijital d\u00f6n\u00fc\u015f\u00fcm stratejileri ve g\u00fcvenlik \u00f6nlemleri gibi konularda da destek sa\u011flar. Sonu\u00e7 olarak, teknoloji dan\u0131\u015fmanl\u0131\u011f\u0131, organizasyonlar\u0131n teknolojiyi daha etkin ve verimli bir \u015fekilde kullanmalar\u0131n\u0131 sa\u011flar bu sebepten \u00f6t\u00fcr\u00fc teknoloji dan\u0131\u015fmanl\u0131\u011f\u0131 b\u00fcy\u00fck \u00f6neme sahiptir.","breadcrumb":{"@id":"https:\/\/akbimyazilim.com\/index.php\/teknoloji-danismanligi\/#breadcrumb"},"inLanguage":"tr","potentialAction":[{"@type":"ReadAction","target":["https:\/\/akbimyazilim.com\/index.php\/teknoloji-danismanligi\/"]}]},{"@type":"ImageObject","inLanguage":"tr","@id":"https:\/\/akbimyazilim.com\/index.php\/teknoloji-danismanligi\/#primaryimage","url":"https:\/\/akbimyazilim.com\/wp-content\/uploads\/2024\/08\/cropped-cropped-akbim-yazilim-logo-1-3.png","contentUrl":"https:\/\/akbimyazilim.com\/wp-content\/uploads\/2024\/08\/cropped-cropped-akbim-yazilim-logo-1-3.png","width":188,"height":37,"caption":"akbim-yazilim-antakya-hatay"},{"@type":"BreadcrumbList","@id":"https:\/\/akbimyazilim.com\/index.php\/teknoloji-danismanligi\/#breadcrumb","itemListElement":[{"@type":"ListItem","position":1,"name":"Anasayfa","item":"https:\/\/akbimyazilim.com\/"},{"@type":"ListItem","position":2,"name":"Teknoloji Dan\u0131\u015fmanl\u0131\u011f\u0131"}]},{"@type":"WebSite","@id":"https:\/\/akbimyazilim.com\/#website","url":"https:\/\/akbimyazilim.com\/","name":"Akbim Yaz\u0131l\u0131m","description":"","publisher":{"@id":"https:\/\/akbimyazilim.com\/#organization"},"potentialAction":[{"@type":"SearchAction","target":{"@type":"EntryPoint","urlTemplate":"https:\/\/akbimyazilim.com\/?s={search_term_string}"},"query-input":"required name=search_term_string"}],"inLanguage":"tr"},{"@type":"Organization","@id":"https:\/\/akbimyazilim.com\/#organization","name":"Akbim Yaz\u0131l\u0131m","url":"https:\/\/akbimyazilim.com\/","logo":{"@type":"ImageObject","inLanguage":"tr","@id":"https:\/\/akbimyazilim.com\/#\/schema\/logo\/image\/","url":"https:\/\/akbimyazilim.com\/wp-content\/uploads\/2024\/08\/cropped-cropped-cropped-akbim-yazilim-logo-1-3.png","contentUrl":"https:\/\/akbimyazilim.com\/wp-content\/uploads\/2024\/08\/cropped-cropped-cropped-akbim-yazilim-logo-1-3.png","width":188,"height":37,"caption":"Akbim Yaz\u0131l\u0131m"},"image":{"@id":"https:\/\/akbimyazilim.com\/#\/schema\/logo\/image\/"}}]}},"_links":{"self":[{"href":"https:\/\/akbimyazilim.com\/index.php\/wp-json\/wp\/v2\/pages\/129","targetHints":{"allow":["GET"]}}],"collection":[{"href":"https:\/\/akbimyazilim.com\/index.php\/wp-json\/wp\/v2\/pages"}],"about":[{"href":"https:\/\/akbimyazilim.com\/index.php\/wp-json\/wp\/v2\/types\/page"}],"author":[{"embeddable":true,"href":"https:\/\/akbimyazilim.com\/index.php\/wp-json\/wp\/v2\/users\/1"}],"replies":[{"embeddable":true,"href":"https:\/\/akbimyazilim.com\/index.php\/wp-json\/wp\/v2\/comments?post=129"}],"version-history":[{"count":2,"href":"https:\/\/akbimyazilim.com\/index.php\/wp-json\/wp\/v2\/pages\/129\/revisions"}],"predecessor-version":[{"id":168,"href":"https:\/\/akbimyazilim.com\/index.php\/wp-json\/wp\/v2\/pages\/129\/revisions\/168"}],"wp:featuredmedia":[{"embeddable":true,"href":"https:\/\/akbimyazilim.com\/index.php\/wp-json\/wp\/v2\/media\/242"}],"wp:attachment":[{"href":"https:\/\/akbimyazilim.com\/index.php\/wp-json\/wp\/v2\/media?parent=129"}],"curies":[{"name":"wp","href":"https:\/\/api.w.org\/{rel}","templated":true}]}}