{"id":127,"date":"2024-08-09T14:33:41","date_gmt":"2024-08-09T14:33:41","guid":{"rendered":"https:\/\/akbimyazilim.com\/?page_id=127"},"modified":"2024-08-15T09:23:43","modified_gmt":"2024-08-15T09:23:43","slug":"uygulama-gelistiriciligi","status":"publish","type":"page","link":"https:\/\/akbimyazilim.com\/index.php\/uygulama-gelistiriciligi\/","title":{"rendered":"Uygulama Geli\u015ftiricili\u011fi"},"content":{"rendered":"\n<p>Uygulama geli\u015ftiricili\u011fi, yaz\u0131l\u0131m uygulamalar\u0131n\u0131n tasar\u0131m\u0131, geli\u015ftirilmesi, test edilmesi ve bak\u0131m\u0131n\u0131 yapma s\u00fcrecidir. Bu s\u00fcre\u00e7, mobil uygulamalardan web uygulamalar\u0131na, masa\u00fcst\u00fc yaz\u0131l\u0131mlar\u0131ndan \u00f6zel i\u015fletim sistemi yaz\u0131l\u0131mlar\u0131na kadar geni\u015f bir yelpazeyi kapsar. Uygulama geli\u015ftiricili\u011fi, genellikle a\u015fa\u011f\u0131daki a\u015famalardan olu\u015fur:<\/p>\n\n\n\n<h3 class=\"wp-block-heading\">1. <strong>Gereksinim Analizi<\/strong><\/h3>\n\n\n\n<ul class=\"wp-block-list\">\n<li><strong>\u0130htiya\u00e7lar\u0131n Belirlenmesi:<\/strong> Kullan\u0131c\u0131lar\u0131n ihtiya\u00e7lar\u0131 ve uygulaman\u0131n hedefleri belirlenir.<\/li>\n\n\n\n<li><strong>Proje Planlamas\u0131:<\/strong> Proje s\u00fcreci, zaman \u00e7izelgesi ve kaynaklar planlan\u0131r.<\/li>\n<\/ul>\n\n\n\n<h3 class=\"wp-block-heading\">2. <strong>Tasar\u0131m<\/strong><\/h3>\n\n\n\n<ul class=\"wp-block-list\">\n<li><strong>Kullan\u0131c\u0131 Aray\u00fcz\u00fc (UI) Tasar\u0131m\u0131:<\/strong> Uygulaman\u0131n g\u00f6r\u00fcn\u00fcm ve kullan\u0131c\u0131 etkile\u015fimleri tasarlan\u0131r.<\/li>\n\n\n\n<li><strong>Kullan\u0131c\u0131 Deneyimi (UX) Tasar\u0131m\u0131:<\/strong> Kullan\u0131c\u0131lar\u0131n uygulamay\u0131 nas\u0131l deneyimleyece\u011fi ve kullan\u0131m kolayl\u0131\u011f\u0131 \u00fczerinde \u00e7al\u0131\u015f\u0131l\u0131r.<\/li>\n\n\n\n<li><strong>Sistem Tasar\u0131m\u0131:<\/strong> Uygulaman\u0131n arka plan yap\u0131s\u0131 ve mimarisi olu\u015fturulur.<\/li>\n<\/ul>\n\n\n\n<h3 class=\"wp-block-heading\">3. <strong>Geli\u015ftirme<\/strong><\/h3>\n\n\n\n<ul class=\"wp-block-list\">\n<li><strong>Kodlama:<\/strong> Tasar\u0131ma g\u00f6re uygulama kodlan\u0131r. Programlama dilleri (Python, Java, Swift, JavaScript, vb.) ve geli\u015ftirme ara\u00e7lar\u0131 kullan\u0131l\u0131r.<\/li>\n\n\n\n<li><strong>Veritaban\u0131 Y\u00f6netimi:<\/strong> Verilerin depolanmas\u0131 ve y\u00f6netilmesi i\u00e7in veritabanlar\u0131 tasarlan\u0131r ve entegre edilir.<\/li>\n<\/ul>\n\n\n\n<h3 class=\"wp-block-heading\">4. <strong>Test<\/strong><\/h3>\n\n\n\n<ul class=\"wp-block-list\">\n<li><strong>Fonksiyonel Testler:<\/strong> Uygulaman\u0131n t\u00fcm \u00f6zelliklerinin do\u011fru \u00e7al\u0131\u015f\u0131p \u00e7al\u0131\u015fmad\u0131\u011f\u0131 kontrol edilir.<\/li>\n\n\n\n<li><strong>Kullan\u0131c\u0131 Testleri:<\/strong> Ger\u00e7ek kullan\u0131c\u0131larla test edilerek uygulaman\u0131n kullan\u0131m kolayl\u0131\u011f\u0131 ve i\u015flevselli\u011fi de\u011ferlendirilir.<\/li>\n\n\n\n<li><strong>Performans ve G\u00fcvenlik Testleri:<\/strong> Uygulaman\u0131n performans\u0131 ve g\u00fcvenlik a\u00e7\u0131klar\u0131 test edilir.<\/li>\n<\/ul>\n\n\n\n<h3 class=\"wp-block-heading\">5. <strong>Yay\u0131nlama<\/strong><\/h3>\n\n\n\n<ul class=\"wp-block-list\">\n<li><strong>Da\u011f\u0131t\u0131m:<\/strong> Uygulama, belirlenen platformlarda (App Store, Google Play, web sunucular\u0131 vb.) yay\u0131mlan\u0131r.<\/li>\n\n\n\n<li><strong>Pazarlama ve Tan\u0131t\u0131m:<\/strong> Uygulaman\u0131n tan\u0131t\u0131m\u0131 yap\u0131l\u0131r ve hedef kullan\u0131c\u0131 kitlesine ula\u015fmas\u0131 sa\u011flan\u0131r.<\/li>\n<\/ul>\n\n\n\n<h3 class=\"wp-block-heading\">6. <strong>Bak\u0131m ve G\u00fcncelleme<\/strong><\/h3>\n\n\n\n<ul class=\"wp-block-list\">\n<li><strong>Hata D\u00fczeltme:<\/strong> Kullan\u0131c\u0131 geri bildirimlerine ve hatalara dayal\u0131 olarak d\u00fczeltmeler yap\u0131l\u0131r.<\/li>\n\n\n\n<li><strong>Yeni \u00d6zellikler:<\/strong> Kullan\u0131c\u0131 taleplerine ve teknolojik geli\u015fmelere g\u00f6re uygulama g\u00fcncellenir ve yeni \u00f6zellikler eklenir.<\/li>\n<\/ul>\n\n\n\n<h3 class=\"wp-block-heading\">Uygulama Geli\u015ftiricili\u011finde Kullan\u0131lan Teknolojiler ve Ara\u00e7lar<\/h3>\n\n\n\n<ul class=\"wp-block-list\">\n<li><strong>Programlama Dilleri:<\/strong> Java, Python, Swift, Kotlin, C#, JavaScript, vb.<\/li>\n\n\n\n<li><strong>Geli\u015ftirme Ortamlar\u0131 (IDE):<\/strong> Visual Studio, Xcode, Android Studio, Eclipse, vb.<\/li>\n\n\n\n<li><strong>Frameworkler ve K\u00fct\u00fcphaneler:<\/strong> React, Angular, Django, Flask, Spring, vb.<\/li>\n\n\n\n<li><strong>Veritabanlar\u0131:<\/strong> MySQL, PostgreSQL, MongoDB, Firebase, vb.<\/li>\n\n\n\n<li><strong>Versiyon Kontrol Sistemleri:<\/strong> Git, GitHub, GitLab, Bitbucket, vb.<\/li>\n<\/ul>\n\n\n\n<p>Uygulama geli\u015ftiricili\u011fi, genellikle bireysel veya ekip halinde yap\u0131lan bir s\u00fcre\u00e7tir ve bu s\u00fcre\u00e7te yaz\u0131l\u0131m m\u00fchendisleri bilgisayar m\u00fchendislerinin problem \u00e7\u00f6zme ve yarat\u0131c\u0131 d\u00fc\u015f\u00fcnme becerilerini gerektirir.<\/p>\n","protected":false},"excerpt":{"rendered":"<p>Uygulama geli\u015ftiricili\u011fi, yaz\u0131l\u0131m uygulamalar\u0131n\u0131n tasar\u0131m\u0131, geli\u015ftirilmesi, test edilmesi ve bak\u0131m\u0131n\u0131 yapma s\u00fcrecidir. Bu s\u00fcre\u00e7, mobil uygulamalardan web uygulamalar\u0131na, masa\u00fcst\u00fc yaz\u0131l\u0131mlar\u0131ndan \u00f6zel i\u015fletim sistemi yaz\u0131l\u0131mlar\u0131na kadar geni\u015f bir yelpazeyi kapsar. Uygulama geli\u015ftiricili\u011fi, genellikle a\u015fa\u011f\u0131daki a\u015famalardan olu\u015fur: 1. Gereksinim Analizi 2. Tasar\u0131m 3. Geli\u015ftirme 4. Test 5. Yay\u0131nlama 6. Bak\u0131m ve G\u00fcncelleme Uygulama Geli\u015ftiricili\u011finde Kullan\u0131lan Teknolojiler ve [&hellip;]<\/p>\n","protected":false},"author":1,"featured_media":0,"parent":0,"menu_order":0,"comment_status":"closed","ping_status":"closed","template":"","meta":{"footnotes":""},"class_list":["post-127","page","type-page","status-publish","hentry"],"yoast_head":"<!-- This site is optimized with the Yoast SEO plugin v23.2 - https:\/\/yoast.com\/wordpress\/plugins\/seo\/ -->\n<title>Uygulama Geli\u015ftiricili\u011fi -<\/title>\n<meta name=\"description\" content=\"1. Gereksinim Analizi\u0130htiya\u00e7lar\u0131n Belirlenmesi: Kullan\u0131c\u0131lar\u0131n ihtiya\u00e7lar\u0131 ve uygulaman\u0131n hedefleri belirlenir.Proje Planlamas\u0131: Proje s\u00fcreci, zaman \u00e7izelgesi ve kaynaklar planlan\u0131r.2. Tasar\u0131mKullan\u0131c\u0131 Aray\u00fcz\u00fc (UI) Tasar\u0131m\u0131: Uygulaman\u0131n g\u00f6r\u00fcn\u00fcm ve kullan\u0131c\u0131 etkile\u015fimleri tasarlan\u0131r.Kullan\u0131c\u0131 Deneyimi (UX) Tasar\u0131m\u0131: Kullan\u0131c\u0131lar\u0131n uygulamay\u0131 nas\u0131l deneyimleyece\u011fi ve kullan\u0131m kolayl\u0131\u011f\u0131 \u00fczerinde \u00e7al\u0131\u015f\u0131l\u0131r.Sistem Tasar\u0131m\u0131: Uygulaman\u0131n arka plan yap\u0131s\u0131 ve mimarisi olu\u015fturulur.\" \/>\n<meta name=\"robots\" content=\"index, follow, max-snippet:-1, max-image-preview:large, max-video-preview:-1\" \/>\n<link rel=\"canonical\" href=\"https:\/\/akbimyazilim.com\/index.php\/uygulama-gelistiriciligi\/\" \/>\n<meta property=\"og:locale\" content=\"tr_TR\" \/>\n<meta property=\"og:type\" content=\"article\" \/>\n<meta property=\"og:title\" content=\"Uygulama Geli\u015ftiricili\u011fi -\" \/>\n<meta property=\"og:description\" content=\"1. Gereksinim Analizi\u0130htiya\u00e7lar\u0131n Belirlenmesi: Kullan\u0131c\u0131lar\u0131n ihtiya\u00e7lar\u0131 ve uygulaman\u0131n hedefleri belirlenir.Proje Planlamas\u0131: Proje s\u00fcreci, zaman \u00e7izelgesi ve kaynaklar planlan\u0131r.2. Tasar\u0131mKullan\u0131c\u0131 Aray\u00fcz\u00fc (UI) Tasar\u0131m\u0131: Uygulaman\u0131n g\u00f6r\u00fcn\u00fcm ve kullan\u0131c\u0131 etkile\u015fimleri tasarlan\u0131r.Kullan\u0131c\u0131 Deneyimi (UX) Tasar\u0131m\u0131: Kullan\u0131c\u0131lar\u0131n uygulamay\u0131 nas\u0131l deneyimleyece\u011fi ve kullan\u0131m kolayl\u0131\u011f\u0131 \u00fczerinde \u00e7al\u0131\u015f\u0131l\u0131r.Sistem Tasar\u0131m\u0131: Uygulaman\u0131n arka plan yap\u0131s\u0131 ve mimarisi olu\u015fturulur.\" \/>\n<meta property=\"og:url\" content=\"https:\/\/akbimyazilim.com\/index.php\/uygulama-gelistiriciligi\/\" \/>\n<meta property=\"article:modified_time\" content=\"2024-08-15T09:23:43+00:00\" \/>\n<meta name=\"twitter:card\" content=\"summary_large_image\" \/>\n<meta name=\"twitter:label1\" content=\"Tahmini okuma s\u00fcresi\" \/>\n\t<meta name=\"twitter:data1\" content=\"2 dakika\" \/>\n<script type=\"application\/ld+json\" class=\"yoast-schema-graph\">{\"@context\":\"https:\/\/schema.org\",\"@graph\":[{\"@type\":\"WebPage\",\"@id\":\"https:\/\/akbimyazilim.com\/index.php\/uygulama-gelistiriciligi\/\",\"url\":\"https:\/\/akbimyazilim.com\/index.php\/uygulama-gelistiriciligi\/\",\"name\":\"Uygulama Geli\u015ftiricili\u011fi -\",\"isPartOf\":{\"@id\":\"https:\/\/akbimyazilim.com\/#website\"},\"datePublished\":\"2024-08-09T14:33:41+00:00\",\"dateModified\":\"2024-08-15T09:23:43+00:00\",\"description\":\"1. Gereksinim Analizi\u0130htiya\u00e7lar\u0131n Belirlenmesi: Kullan\u0131c\u0131lar\u0131n ihtiya\u00e7lar\u0131 ve uygulaman\u0131n hedefleri belirlenir.Proje Planlamas\u0131: Proje s\u00fcreci, zaman \u00e7izelgesi ve kaynaklar planlan\u0131r.2. Tasar\u0131mKullan\u0131c\u0131 Aray\u00fcz\u00fc (UI) Tasar\u0131m\u0131: Uygulaman\u0131n g\u00f6r\u00fcn\u00fcm ve kullan\u0131c\u0131 etkile\u015fimleri tasarlan\u0131r.Kullan\u0131c\u0131 Deneyimi (UX) Tasar\u0131m\u0131: Kullan\u0131c\u0131lar\u0131n uygulamay\u0131 nas\u0131l deneyimleyece\u011fi ve kullan\u0131m kolayl\u0131\u011f\u0131 \u00fczerinde \u00e7al\u0131\u015f\u0131l\u0131r.Sistem Tasar\u0131m\u0131: Uygulaman\u0131n arka plan yap\u0131s\u0131 ve mimarisi olu\u015fturulur.\",\"breadcrumb\":{\"@id\":\"https:\/\/akbimyazilim.com\/index.php\/uygulama-gelistiriciligi\/#breadcrumb\"},\"inLanguage\":\"tr\",\"potentialAction\":[{\"@type\":\"ReadAction\",\"target\":[\"https:\/\/akbimyazilim.com\/index.php\/uygulama-gelistiriciligi\/\"]}]},{\"@type\":\"BreadcrumbList\",\"@id\":\"https:\/\/akbimyazilim.com\/index.php\/uygulama-gelistiriciligi\/#breadcrumb\",\"itemListElement\":[{\"@type\":\"ListItem\",\"position\":1,\"name\":\"Anasayfa\",\"item\":\"https:\/\/akbimyazilim.com\/\"},{\"@type\":\"ListItem\",\"position\":2,\"name\":\"Uygulama Geli\u015ftiricili\u011fi\"}]},{\"@type\":\"WebSite\",\"@id\":\"https:\/\/akbimyazilim.com\/#website\",\"url\":\"https:\/\/akbimyazilim.com\/\",\"name\":\"Akbim Yaz\u0131l\u0131m\",\"description\":\"\",\"publisher\":{\"@id\":\"https:\/\/akbimyazilim.com\/#organization\"},\"potentialAction\":[{\"@type\":\"SearchAction\",\"target\":{\"@type\":\"EntryPoint\",\"urlTemplate\":\"https:\/\/akbimyazilim.com\/?s={search_term_string}\"},\"query-input\":\"required name=search_term_string\"}],\"inLanguage\":\"tr\"},{\"@type\":\"Organization\",\"@id\":\"https:\/\/akbimyazilim.com\/#organization\",\"name\":\"Akbim Yaz\u0131l\u0131m\",\"url\":\"https:\/\/akbimyazilim.com\/\",\"logo\":{\"@type\":\"ImageObject\",\"inLanguage\":\"tr\",\"@id\":\"https:\/\/akbimyazilim.com\/#\/schema\/logo\/image\/\",\"url\":\"https:\/\/akbimyazilim.com\/wp-content\/uploads\/2024\/08\/cropped-cropped-cropped-akbim-yazilim-logo-1-3.png\",\"contentUrl\":\"https:\/\/akbimyazilim.com\/wp-content\/uploads\/2024\/08\/cropped-cropped-cropped-akbim-yazilim-logo-1-3.png\",\"width\":188,\"height\":37,\"caption\":\"Akbim Yaz\u0131l\u0131m\"},\"image\":{\"@id\":\"https:\/\/akbimyazilim.com\/#\/schema\/logo\/image\/\"}}]}<\/script>\n<!-- \/ Yoast SEO plugin. -->","yoast_head_json":{"title":"Uygulama Geli\u015ftiricili\u011fi -","description":"1. Gereksinim Analizi\u0130htiya\u00e7lar\u0131n Belirlenmesi: Kullan\u0131c\u0131lar\u0131n ihtiya\u00e7lar\u0131 ve uygulaman\u0131n hedefleri belirlenir.Proje Planlamas\u0131: Proje s\u00fcreci, zaman \u00e7izelgesi ve kaynaklar planlan\u0131r.2. Tasar\u0131mKullan\u0131c\u0131 Aray\u00fcz\u00fc (UI) Tasar\u0131m\u0131: Uygulaman\u0131n g\u00f6r\u00fcn\u00fcm ve kullan\u0131c\u0131 etkile\u015fimleri tasarlan\u0131r.Kullan\u0131c\u0131 Deneyimi (UX) Tasar\u0131m\u0131: Kullan\u0131c\u0131lar\u0131n uygulamay\u0131 nas\u0131l deneyimleyece\u011fi ve kullan\u0131m kolayl\u0131\u011f\u0131 \u00fczerinde \u00e7al\u0131\u015f\u0131l\u0131r.Sistem Tasar\u0131m\u0131: Uygulaman\u0131n arka plan yap\u0131s\u0131 ve mimarisi olu\u015fturulur.","robots":{"index":"index","follow":"follow","max-snippet":"max-snippet:-1","max-image-preview":"max-image-preview:large","max-video-preview":"max-video-preview:-1"},"canonical":"https:\/\/akbimyazilim.com\/index.php\/uygulama-gelistiriciligi\/","og_locale":"tr_TR","og_type":"article","og_title":"Uygulama Geli\u015ftiricili\u011fi -","og_description":"1. Gereksinim Analizi\u0130htiya\u00e7lar\u0131n Belirlenmesi: Kullan\u0131c\u0131lar\u0131n ihtiya\u00e7lar\u0131 ve uygulaman\u0131n hedefleri belirlenir.Proje Planlamas\u0131: Proje s\u00fcreci, zaman \u00e7izelgesi ve kaynaklar planlan\u0131r.2. Tasar\u0131mKullan\u0131c\u0131 Aray\u00fcz\u00fc (UI) Tasar\u0131m\u0131: Uygulaman\u0131n g\u00f6r\u00fcn\u00fcm ve kullan\u0131c\u0131 etkile\u015fimleri tasarlan\u0131r.Kullan\u0131c\u0131 Deneyimi (UX) Tasar\u0131m\u0131: Kullan\u0131c\u0131lar\u0131n uygulamay\u0131 nas\u0131l deneyimleyece\u011fi ve kullan\u0131m kolayl\u0131\u011f\u0131 \u00fczerinde \u00e7al\u0131\u015f\u0131l\u0131r.Sistem Tasar\u0131m\u0131: Uygulaman\u0131n arka plan yap\u0131s\u0131 ve mimarisi olu\u015fturulur.","og_url":"https:\/\/akbimyazilim.com\/index.php\/uygulama-gelistiriciligi\/","article_modified_time":"2024-08-15T09:23:43+00:00","twitter_card":"summary_large_image","twitter_misc":{"Tahmini okuma s\u00fcresi":"2 dakika"},"schema":{"@context":"https:\/\/schema.org","@graph":[{"@type":"WebPage","@id":"https:\/\/akbimyazilim.com\/index.php\/uygulama-gelistiriciligi\/","url":"https:\/\/akbimyazilim.com\/index.php\/uygulama-gelistiriciligi\/","name":"Uygulama Geli\u015ftiricili\u011fi -","isPartOf":{"@id":"https:\/\/akbimyazilim.com\/#website"},"datePublished":"2024-08-09T14:33:41+00:00","dateModified":"2024-08-15T09:23:43+00:00","description":"1. Gereksinim Analizi\u0130htiya\u00e7lar\u0131n Belirlenmesi: Kullan\u0131c\u0131lar\u0131n ihtiya\u00e7lar\u0131 ve uygulaman\u0131n hedefleri belirlenir.Proje Planlamas\u0131: Proje s\u00fcreci, zaman \u00e7izelgesi ve kaynaklar planlan\u0131r.2. Tasar\u0131mKullan\u0131c\u0131 Aray\u00fcz\u00fc (UI) Tasar\u0131m\u0131: Uygulaman\u0131n g\u00f6r\u00fcn\u00fcm ve kullan\u0131c\u0131 etkile\u015fimleri tasarlan\u0131r.Kullan\u0131c\u0131 Deneyimi (UX) Tasar\u0131m\u0131: Kullan\u0131c\u0131lar\u0131n uygulamay\u0131 nas\u0131l deneyimleyece\u011fi ve kullan\u0131m kolayl\u0131\u011f\u0131 \u00fczerinde \u00e7al\u0131\u015f\u0131l\u0131r.Sistem Tasar\u0131m\u0131: Uygulaman\u0131n arka plan yap\u0131s\u0131 ve mimarisi olu\u015fturulur.","breadcrumb":{"@id":"https:\/\/akbimyazilim.com\/index.php\/uygulama-gelistiriciligi\/#breadcrumb"},"inLanguage":"tr","potentialAction":[{"@type":"ReadAction","target":["https:\/\/akbimyazilim.com\/index.php\/uygulama-gelistiriciligi\/"]}]},{"@type":"BreadcrumbList","@id":"https:\/\/akbimyazilim.com\/index.php\/uygulama-gelistiriciligi\/#breadcrumb","itemListElement":[{"@type":"ListItem","position":1,"name":"Anasayfa","item":"https:\/\/akbimyazilim.com\/"},{"@type":"ListItem","position":2,"name":"Uygulama Geli\u015ftiricili\u011fi"}]},{"@type":"WebSite","@id":"https:\/\/akbimyazilim.com\/#website","url":"https:\/\/akbimyazilim.com\/","name":"Akbim Yaz\u0131l\u0131m","description":"","publisher":{"@id":"https:\/\/akbimyazilim.com\/#organization"},"potentialAction":[{"@type":"SearchAction","target":{"@type":"EntryPoint","urlTemplate":"https:\/\/akbimyazilim.com\/?s={search_term_string}"},"query-input":"required name=search_term_string"}],"inLanguage":"tr"},{"@type":"Organization","@id":"https:\/\/akbimyazilim.com\/#organization","name":"Akbim Yaz\u0131l\u0131m","url":"https:\/\/akbimyazilim.com\/","logo":{"@type":"ImageObject","inLanguage":"tr","@id":"https:\/\/akbimyazilim.com\/#\/schema\/logo\/image\/","url":"https:\/\/akbimyazilim.com\/wp-content\/uploads\/2024\/08\/cropped-cropped-cropped-akbim-yazilim-logo-1-3.png","contentUrl":"https:\/\/akbimyazilim.com\/wp-content\/uploads\/2024\/08\/cropped-cropped-cropped-akbim-yazilim-logo-1-3.png","width":188,"height":37,"caption":"Akbim Yaz\u0131l\u0131m"},"image":{"@id":"https:\/\/akbimyazilim.com\/#\/schema\/logo\/image\/"}}]}},"_links":{"self":[{"href":"https:\/\/akbimyazilim.com\/index.php\/wp-json\/wp\/v2\/pages\/127","targetHints":{"allow":["GET"]}}],"collection":[{"href":"https:\/\/akbimyazilim.com\/index.php\/wp-json\/wp\/v2\/pages"}],"about":[{"href":"https:\/\/akbimyazilim.com\/index.php\/wp-json\/wp\/v2\/types\/page"}],"author":[{"embeddable":true,"href":"https:\/\/akbimyazilim.com\/index.php\/wp-json\/wp\/v2\/users\/1"}],"replies":[{"embeddable":true,"href":"https:\/\/akbimyazilim.com\/index.php\/wp-json\/wp\/v2\/comments?post=127"}],"version-history":[{"count":2,"href":"https:\/\/akbimyazilim.com\/index.php\/wp-json\/wp\/v2\/pages\/127\/revisions"}],"predecessor-version":[{"id":176,"href":"https:\/\/akbimyazilim.com\/index.php\/wp-json\/wp\/v2\/pages\/127\/revisions\/176"}],"wp:attachment":[{"href":"https:\/\/akbimyazilim.com\/index.php\/wp-json\/wp\/v2\/media?parent=127"}],"curies":[{"name":"wp","href":"https:\/\/api.w.org\/{rel}","templated":true}]}}