{"id":126,"date":"2024-08-09T14:33:40","date_gmt":"2024-08-09T14:33:40","guid":{"rendered":"https:\/\/akbimyazilim.com\/?page_id=126"},"modified":"2024-08-15T07:41:12","modified_gmt":"2024-08-15T07:41:12","slug":"grafik-dizayni","status":"publish","type":"page","link":"https:\/\/akbimyazilim.com\/index.php\/grafik-dizayni\/","title":{"rendered":"Grafik Dizayn\u0131"},"content":{"rendered":"\n<p>Grafik dizayn\u0131 as\u0131l olarak , g\u00f6rsel ileti\u015fim yoluyla bilgi ve mesajlar\u0131 iletme sanat\u0131d\u0131r. Bu alan, g\u00f6rsel \u00f6geleri (renkler, \u015fekiller, yaz\u0131lar, resimler) kullanarak etkili ve estetik tasar\u0131mlar olu\u015fturmay\u0131 ama\u00e7lar. Grafik dizayn, \u00e7e\u015fitli medya ve platformlarda (bas\u0131l\u0131 materyaller, dijital ekranlar, reklam panolar\u0131, vb.) kullan\u0131labilir.<\/p>\n\n\n\n<p>Grafik dizayn\u0131n baz\u0131 temel alanlar\u0131 \u015funlard\u0131r:<\/p>\n\n\n\n<ol class=\"wp-block-list\">\n<li><strong>Logo Tasar\u0131m\u0131:<\/strong> \u015eirketlerin veya markalar\u0131n tan\u0131nmas\u0131n\u0131 sa\u011flayan \u00f6zg\u00fcn simgeler veya i\u015faretler olu\u015fturur.<\/li>\n\n\n\n<li><strong>Web Tasar\u0131m\u0131:<\/strong> Web sitelerinin g\u00f6rsel tasar\u0131m\u0131, kullan\u0131c\u0131 deneyimi (UX) ve kullan\u0131c\u0131 aray\u00fcz\u00fc (UI) tasar\u0131m\u0131 ile ilgilidir.<\/li>\n\n\n\n<li><strong>Bask\u0131 Tasar\u0131m\u0131:<\/strong> Bro\u015f\u00fcrler, dergiler, kitap kapaklar\u0131, afi\u015fler gibi bas\u0131l\u0131 materyallerin tasar\u0131m\u0131.<\/li>\n\n\n\n<li><strong>Paketleme Tasar\u0131m\u0131:<\/strong> \u00dcr\u00fcnlerin ambalajlar\u0131n\u0131n estetik ve i\u015flevsel olarak tasarlanmas\u0131.<\/li>\n\n\n\n<li><strong>Reklam Tasar\u0131m\u0131:<\/strong> Reklam kampanyalar\u0131 i\u00e7in g\u00f6rsel i\u00e7eriklerin olu\u015fturulmas\u0131.<\/li>\n\n\n\n<li><strong>Sosyal Medya Grafikleri:<\/strong> Sosyal medya platformlar\u0131 i\u00e7in \u00e7ekici ve etkili g\u00f6rsel i\u00e7eriklerin haz\u0131rlanmas\u0131.<\/li>\n<\/ol>\n\n\n\n<p>Grafik dizaynda yarat\u0131c\u0131 d\u00fc\u015f\u00fcnme, estetik anlay\u0131\u015f ve teknik beceriler \u00f6nemlidir. Adobe Photoshop, Illustrator ve InDesign gibi yaz\u0131l\u0131mlar bu alanda yayg\u0131n olarak kullan\u0131l\u0131r.<\/p>\n","protected":false},"excerpt":{"rendered":"<p>Grafik dizayn\u0131 as\u0131l olarak , g\u00f6rsel ileti\u015fim yoluyla bilgi ve mesajlar\u0131 iletme sanat\u0131d\u0131r. Bu alan, g\u00f6rsel \u00f6geleri (renkler, \u015fekiller, yaz\u0131lar, resimler) kullanarak etkili ve estetik tasar\u0131mlar olu\u015fturmay\u0131 ama\u00e7lar. Grafik dizayn, \u00e7e\u015fitli medya ve platformlarda (bas\u0131l\u0131 materyaller, dijital ekranlar, reklam panolar\u0131, vb.) kullan\u0131labilir. Grafik dizayn\u0131n baz\u0131 temel alanlar\u0131 \u015funlard\u0131r: Grafik dizaynda yarat\u0131c\u0131 d\u00fc\u015f\u00fcnme, estetik anlay\u0131\u015f ve [&hellip;]<\/p>\n","protected":false},"author":1,"featured_media":0,"parent":0,"menu_order":0,"comment_status":"closed","ping_status":"closed","template":"","meta":{"footnotes":""},"class_list":["post-126","page","type-page","status-publish","hentry"],"yoast_head":"<!-- This site is optimized with the Yoast SEO plugin v23.2 - https:\/\/yoast.com\/wordpress\/plugins\/seo\/ -->\n<title>Grafik Dizayn\u0131 -<\/title>\n<meta name=\"description\" content=\"Grafik dizayn\u0131 as\u0131l olarak , g\u00f6rsel ileti\u015fim yoluyla bilgi ve mesajlar\u0131 iletme sanat\u0131d\u0131r. Bu alan, g\u00f6rsel \u00f6geleri (renkler, \u015fekiller, yaz\u0131lar, resimler) kullanarak etkili ve estetik tasar\u0131mlar olu\u015fturmay\u0131 ama\u00e7lar. Grafik dizayn, \u00e7e\u015fitli medya ve platformlarda (bas\u0131l\u0131 materyaller, dijital ekranlar, reklam panolar\u0131, vb.) kullan\u0131labilir.\" \/>\n<meta name=\"robots\" content=\"index, follow, max-snippet:-1, max-image-preview:large, max-video-preview:-1\" \/>\n<link rel=\"canonical\" href=\"https:\/\/akbimyazilim.com\/index.php\/grafik-dizayni\/\" \/>\n<meta property=\"og:locale\" content=\"tr_TR\" \/>\n<meta property=\"og:type\" content=\"article\" \/>\n<meta property=\"og:title\" content=\"Grafik Dizayn\u0131 -\" \/>\n<meta property=\"og:description\" content=\"Grafik dizayn\u0131 as\u0131l olarak , g\u00f6rsel ileti\u015fim yoluyla bilgi ve mesajlar\u0131 iletme sanat\u0131d\u0131r. Bu alan, g\u00f6rsel \u00f6geleri (renkler, \u015fekiller, yaz\u0131lar, resimler) kullanarak etkili ve estetik tasar\u0131mlar olu\u015fturmay\u0131 ama\u00e7lar. Grafik dizayn, \u00e7e\u015fitli medya ve platformlarda (bas\u0131l\u0131 materyaller, dijital ekranlar, reklam panolar\u0131, vb.) kullan\u0131labilir.\" \/>\n<meta property=\"og:url\" content=\"https:\/\/akbimyazilim.com\/index.php\/grafik-dizayni\/\" \/>\n<meta property=\"article:modified_time\" content=\"2024-08-15T07:41:12+00:00\" \/>\n<meta name=\"twitter:card\" content=\"summary_large_image\" \/>\n<meta name=\"twitter:label1\" content=\"Tahmini okuma s\u00fcresi\" \/>\n\t<meta name=\"twitter:data1\" content=\"1 dakika\" \/>\n<script type=\"application\/ld+json\" class=\"yoast-schema-graph\">{\"@context\":\"https:\/\/schema.org\",\"@graph\":[{\"@type\":\"WebPage\",\"@id\":\"https:\/\/akbimyazilim.com\/index.php\/grafik-dizayni\/\",\"url\":\"https:\/\/akbimyazilim.com\/index.php\/grafik-dizayni\/\",\"name\":\"Grafik Dizayn\u0131 -\",\"isPartOf\":{\"@id\":\"https:\/\/akbimyazilim.com\/#website\"},\"datePublished\":\"2024-08-09T14:33:40+00:00\",\"dateModified\":\"2024-08-15T07:41:12+00:00\",\"description\":\"Grafik dizayn\u0131 as\u0131l olarak , g\u00f6rsel ileti\u015fim yoluyla bilgi ve mesajlar\u0131 iletme sanat\u0131d\u0131r. Bu alan, g\u00f6rsel \u00f6geleri (renkler, \u015fekiller, yaz\u0131lar, resimler) kullanarak etkili ve estetik tasar\u0131mlar olu\u015fturmay\u0131 ama\u00e7lar. Grafik dizayn, \u00e7e\u015fitli medya ve platformlarda (bas\u0131l\u0131 materyaller, dijital ekranlar, reklam panolar\u0131, vb.) kullan\u0131labilir.\",\"breadcrumb\":{\"@id\":\"https:\/\/akbimyazilim.com\/index.php\/grafik-dizayni\/#breadcrumb\"},\"inLanguage\":\"tr\",\"potentialAction\":[{\"@type\":\"ReadAction\",\"target\":[\"https:\/\/akbimyazilim.com\/index.php\/grafik-dizayni\/\"]}]},{\"@type\":\"BreadcrumbList\",\"@id\":\"https:\/\/akbimyazilim.com\/index.php\/grafik-dizayni\/#breadcrumb\",\"itemListElement\":[{\"@type\":\"ListItem\",\"position\":1,\"name\":\"Anasayfa\",\"item\":\"https:\/\/akbimyazilim.com\/\"},{\"@type\":\"ListItem\",\"position\":2,\"name\":\"Grafik Dizayn\u0131\"}]},{\"@type\":\"WebSite\",\"@id\":\"https:\/\/akbimyazilim.com\/#website\",\"url\":\"https:\/\/akbimyazilim.com\/\",\"name\":\"Akbim Yaz\u0131l\u0131m\",\"description\":\"\",\"publisher\":{\"@id\":\"https:\/\/akbimyazilim.com\/#organization\"},\"potentialAction\":[{\"@type\":\"SearchAction\",\"target\":{\"@type\":\"EntryPoint\",\"urlTemplate\":\"https:\/\/akbimyazilim.com\/?s={search_term_string}\"},\"query-input\":\"required name=search_term_string\"}],\"inLanguage\":\"tr\"},{\"@type\":\"Organization\",\"@id\":\"https:\/\/akbimyazilim.com\/#organization\",\"name\":\"Akbim Yaz\u0131l\u0131m\",\"url\":\"https:\/\/akbimyazilim.com\/\",\"logo\":{\"@type\":\"ImageObject\",\"inLanguage\":\"tr\",\"@id\":\"https:\/\/akbimyazilim.com\/#\/schema\/logo\/image\/\",\"url\":\"https:\/\/akbimyazilim.com\/wp-content\/uploads\/2024\/08\/cropped-cropped-cropped-akbim-yazilim-logo-1-3.png\",\"contentUrl\":\"https:\/\/akbimyazilim.com\/wp-content\/uploads\/2024\/08\/cropped-cropped-cropped-akbim-yazilim-logo-1-3.png\",\"width\":188,\"height\":37,\"caption\":\"Akbim Yaz\u0131l\u0131m\"},\"image\":{\"@id\":\"https:\/\/akbimyazilim.com\/#\/schema\/logo\/image\/\"}}]}<\/script>\n<!-- \/ Yoast SEO plugin. -->","yoast_head_json":{"title":"Grafik Dizayn\u0131 -","description":"Grafik dizayn\u0131 as\u0131l olarak , g\u00f6rsel ileti\u015fim yoluyla bilgi ve mesajlar\u0131 iletme sanat\u0131d\u0131r. Bu alan, g\u00f6rsel \u00f6geleri (renkler, \u015fekiller, yaz\u0131lar, resimler) kullanarak etkili ve estetik tasar\u0131mlar olu\u015fturmay\u0131 ama\u00e7lar. Grafik dizayn, \u00e7e\u015fitli medya ve platformlarda (bas\u0131l\u0131 materyaller, dijital ekranlar, reklam panolar\u0131, vb.) kullan\u0131labilir.","robots":{"index":"index","follow":"follow","max-snippet":"max-snippet:-1","max-image-preview":"max-image-preview:large","max-video-preview":"max-video-preview:-1"},"canonical":"https:\/\/akbimyazilim.com\/index.php\/grafik-dizayni\/","og_locale":"tr_TR","og_type":"article","og_title":"Grafik Dizayn\u0131 -","og_description":"Grafik dizayn\u0131 as\u0131l olarak , g\u00f6rsel ileti\u015fim yoluyla bilgi ve mesajlar\u0131 iletme sanat\u0131d\u0131r. Bu alan, g\u00f6rsel \u00f6geleri (renkler, \u015fekiller, yaz\u0131lar, resimler) kullanarak etkili ve estetik tasar\u0131mlar olu\u015fturmay\u0131 ama\u00e7lar. Grafik dizayn, \u00e7e\u015fitli medya ve platformlarda (bas\u0131l\u0131 materyaller, dijital ekranlar, reklam panolar\u0131, vb.) kullan\u0131labilir.","og_url":"https:\/\/akbimyazilim.com\/index.php\/grafik-dizayni\/","article_modified_time":"2024-08-15T07:41:12+00:00","twitter_card":"summary_large_image","twitter_misc":{"Tahmini okuma s\u00fcresi":"1 dakika"},"schema":{"@context":"https:\/\/schema.org","@graph":[{"@type":"WebPage","@id":"https:\/\/akbimyazilim.com\/index.php\/grafik-dizayni\/","url":"https:\/\/akbimyazilim.com\/index.php\/grafik-dizayni\/","name":"Grafik Dizayn\u0131 -","isPartOf":{"@id":"https:\/\/akbimyazilim.com\/#website"},"datePublished":"2024-08-09T14:33:40+00:00","dateModified":"2024-08-15T07:41:12+00:00","description":"Grafik dizayn\u0131 as\u0131l olarak , g\u00f6rsel ileti\u015fim yoluyla bilgi ve mesajlar\u0131 iletme sanat\u0131d\u0131r. Bu alan, g\u00f6rsel \u00f6geleri (renkler, \u015fekiller, yaz\u0131lar, resimler) kullanarak etkili ve estetik tasar\u0131mlar olu\u015fturmay\u0131 ama\u00e7lar. Grafik dizayn, \u00e7e\u015fitli medya ve platformlarda (bas\u0131l\u0131 materyaller, dijital ekranlar, reklam panolar\u0131, vb.) kullan\u0131labilir.","breadcrumb":{"@id":"https:\/\/akbimyazilim.com\/index.php\/grafik-dizayni\/#breadcrumb"},"inLanguage":"tr","potentialAction":[{"@type":"ReadAction","target":["https:\/\/akbimyazilim.com\/index.php\/grafik-dizayni\/"]}]},{"@type":"BreadcrumbList","@id":"https:\/\/akbimyazilim.com\/index.php\/grafik-dizayni\/#breadcrumb","itemListElement":[{"@type":"ListItem","position":1,"name":"Anasayfa","item":"https:\/\/akbimyazilim.com\/"},{"@type":"ListItem","position":2,"name":"Grafik Dizayn\u0131"}]},{"@type":"WebSite","@id":"https:\/\/akbimyazilim.com\/#website","url":"https:\/\/akbimyazilim.com\/","name":"Akbim Yaz\u0131l\u0131m","description":"","publisher":{"@id":"https:\/\/akbimyazilim.com\/#organization"},"potentialAction":[{"@type":"SearchAction","target":{"@type":"EntryPoint","urlTemplate":"https:\/\/akbimyazilim.com\/?s={search_term_string}"},"query-input":"required name=search_term_string"}],"inLanguage":"tr"},{"@type":"Organization","@id":"https:\/\/akbimyazilim.com\/#organization","name":"Akbim Yaz\u0131l\u0131m","url":"https:\/\/akbimyazilim.com\/","logo":{"@type":"ImageObject","inLanguage":"tr","@id":"https:\/\/akbimyazilim.com\/#\/schema\/logo\/image\/","url":"https:\/\/akbimyazilim.com\/wp-content\/uploads\/2024\/08\/cropped-cropped-cropped-akbim-yazilim-logo-1-3.png","contentUrl":"https:\/\/akbimyazilim.com\/wp-content\/uploads\/2024\/08\/cropped-cropped-cropped-akbim-yazilim-logo-1-3.png","width":188,"height":37,"caption":"Akbim Yaz\u0131l\u0131m"},"image":{"@id":"https:\/\/akbimyazilim.com\/#\/schema\/logo\/image\/"}}]}},"_links":{"self":[{"href":"https:\/\/akbimyazilim.com\/index.php\/wp-json\/wp\/v2\/pages\/126","targetHints":{"allow":["GET"]}}],"collection":[{"href":"https:\/\/akbimyazilim.com\/index.php\/wp-json\/wp\/v2\/pages"}],"about":[{"href":"https:\/\/akbimyazilim.com\/index.php\/wp-json\/wp\/v2\/types\/page"}],"author":[{"embeddable":true,"href":"https:\/\/akbimyazilim.com\/index.php\/wp-json\/wp\/v2\/users\/1"}],"replies":[{"embeddable":true,"href":"https:\/\/akbimyazilim.com\/index.php\/wp-json\/wp\/v2\/comments?post=126"}],"version-history":[{"count":2,"href":"https:\/\/akbimyazilim.com\/index.php\/wp-json\/wp\/v2\/pages\/126\/revisions"}],"predecessor-version":[{"id":162,"href":"https:\/\/akbimyazilim.com\/index.php\/wp-json\/wp\/v2\/pages\/126\/revisions\/162"}],"wp:attachment":[{"href":"https:\/\/akbimyazilim.com\/index.php\/wp-json\/wp\/v2\/media?parent=126"}],"curies":[{"name":"wp","href":"https:\/\/api.w.org\/{rel}","templated":true}]}}