{"id":120,"date":"2024-08-09T14:33:40","date_gmt":"2024-08-09T14:33:40","guid":{"rendered":"https:\/\/akbimyazilim.com\/?page_id=120"},"modified":"2024-08-15T14:03:48","modified_gmt":"2024-08-15T14:03:48","slug":"ozelliklerimiz-akbim-yazilim","status":"publish","type":"page","link":"https:\/\/akbimyazilim.com\/index.php\/ozelliklerimiz-akbim-yazilim\/","title":{"rendered":"\u00d6zelliklerimiz"},"content":{"rendered":"\n<h4 class=\"wp-block-heading\"><strong>Kullan\u0131c\u0131 Dostu Aray\u00fcz<\/strong><\/h4>\n\n\n\n<ul class=\"wp-block-list\">\n<li><strong>A\u00e7\u0131klama:<\/strong><br>AKB\u0130M Yaz\u0131l\u0131m\u0131, kullan\u0131c\u0131lar\u0131n yaz\u0131l\u0131m\u0131 h\u0131zl\u0131 ve verimli bir \u015fekilde \u00f6\u011frenmesi i\u00e7in tasarlanm\u0131\u015f modern ve sezgisel bir aray\u00fcze sahiptir. Karma\u015f\u0131k i\u015flemleri basit ve anla\u015f\u0131l\u0131r bir \u015fekilde y\u00f6netmenizi sa\u011flar.<\/li>\n<\/ul>\n\n\n\n<h4 class=\"wp-block-heading\"><strong>2. Geli\u015fmi\u015f Analitik ve Raporlama Ara\u00e7lar\u0131<\/strong><\/h4>\n\n\n\n<ul class=\"wp-block-list\">\n<li><strong>A\u00e7\u0131klama:<\/strong><br>\u0130\u015f verilerinizi derinlemesine analiz etmenizi ve anlaml\u0131 raporlar olu\u015fturman\u0131z\u0131 sa\u011flayan geli\u015fmi\u015f analitik ara\u00e7lar sunar. Ki\u015fiselle\u015ftirilmi\u015f raporlar ve grafikler ile performans\u0131n\u0131z\u0131 ger\u00e7ek zamanl\u0131 olarak izleyebilirsiniz.<\/li>\n<\/ul>\n\n\n\n<h4 class=\"wp-block-heading\"><strong>3. Esnek Entegrasyon Se\u00e7enekleri<\/strong><\/h4>\n\n\n\n<ul class=\"wp-block-list\">\n<li><strong>A\u00e7\u0131klama:<\/strong><br>Farkl\u0131 sistemlerle ve uygulamalarla sorunsuz bir \u015fekilde entegre olabilen yaz\u0131l\u0131m \u00e7\u00f6z\u00fcmleri sunar. ERP, CRM ve di\u011fer i\u015f uygulamalar\u0131yla kolayca uyum sa\u011flar, b\u00f6ylece mevcut sistemlerinizle kesintisiz \u00e7al\u0131\u015f\u0131r.<\/li>\n<\/ul>\n","protected":false},"excerpt":{"rendered":"<p>Kullan\u0131c\u0131 Dostu Aray\u00fcz 2. Geli\u015fmi\u015f Analitik ve Raporlama Ara\u00e7lar\u0131 3. Esnek Entegrasyon Se\u00e7enekleri<\/p>\n","protected":false},"author":1,"featured_media":210,"parent":0,"menu_order":0,"comment_status":"closed","ping_status":"closed","template":"","meta":{"footnotes":""},"class_list":["post-120","page","type-page","status-publish","has-post-thumbnail","hentry"],"yoast_head":"<!-- This site is optimized with the Yoast SEO plugin v23.2 - https:\/\/yoast.com\/wordpress\/plugins\/seo\/ -->\n<title>\u00d6zelliklerimiz -<\/title>\n<meta name=\"description\" content=\"A\u00e7\u0131klama:AKB\u0130M Yaz\u0131l\u0131m\u0131, kullan\u0131c\u0131lar\u0131n yaz\u0131l\u0131m\u0131 h\u0131zl\u0131 ve verimli bir \u015fekilde \u00f6\u011frenmesi i\u00e7in tasarlanm\u0131\u015f modern ve sezgisel bir aray\u00fcze sahiptir. Karma\u015f\u0131k i\u015flemleri basit ve anla\u015f\u0131l\u0131r bir \u015fekilde y\u00f6netmenizi sa\u011flar.2. Geli\u015fmi\u015f Analitik ve Raporlama Ara\u00e7lar\u0131A\u00e7\u0131klama:\u0130\u015f verilerinizi derinlemesine analiz etmenizi ve anlaml\u0131 raporlar olu\u015fturman\u0131z\u0131 sa\u011flayan geli\u015fmi\u015f analitik ara\u00e7lar sunar. Ki\u015fiselle\u015ftirilmi\u015f raporlar ve grafikler ile performans\u0131n\u0131z\u0131 ger\u00e7ek zamanl\u0131 olarak izleyebilirsiniz.\" \/>\n<meta name=\"robots\" content=\"index, follow, max-snippet:-1, max-image-preview:large, max-video-preview:-1\" \/>\n<link rel=\"canonical\" href=\"https:\/\/akbimyazilim.com\/index.php\/ozelliklerimiz-akbim-yazilim\/\" \/>\n<meta property=\"og:locale\" content=\"tr_TR\" \/>\n<meta property=\"og:type\" content=\"article\" \/>\n<meta property=\"og:title\" content=\"\u00d6zelliklerimiz -\" \/>\n<meta property=\"og:description\" content=\"A\u00e7\u0131klama:AKB\u0130M Yaz\u0131l\u0131m\u0131, kullan\u0131c\u0131lar\u0131n yaz\u0131l\u0131m\u0131 h\u0131zl\u0131 ve verimli bir \u015fekilde \u00f6\u011frenmesi i\u00e7in tasarlanm\u0131\u015f modern ve sezgisel bir aray\u00fcze sahiptir. Karma\u015f\u0131k i\u015flemleri basit ve anla\u015f\u0131l\u0131r bir \u015fekilde y\u00f6netmenizi sa\u011flar.2. Geli\u015fmi\u015f Analitik ve Raporlama Ara\u00e7lar\u0131A\u00e7\u0131klama:\u0130\u015f verilerinizi derinlemesine analiz etmenizi ve anlaml\u0131 raporlar olu\u015fturman\u0131z\u0131 sa\u011flayan geli\u015fmi\u015f analitik ara\u00e7lar sunar. Ki\u015fiselle\u015ftirilmi\u015f raporlar ve grafikler ile performans\u0131n\u0131z\u0131 ger\u00e7ek zamanl\u0131 olarak izleyebilirsiniz.\" \/>\n<meta property=\"og:url\" content=\"https:\/\/akbimyazilim.com\/index.php\/ozelliklerimiz-akbim-yazilim\/\" \/>\n<meta property=\"article:modified_time\" content=\"2024-08-15T14:03:48+00:00\" \/>\n<meta property=\"og:image\" content=\"https:\/\/akbimyazilim.com\/wp-content\/uploads\/2024\/08\/Yazilim-ve-Kodlama-Baslangic-Rehberi.jpg\" \/>\n\t<meta property=\"og:image:width\" content=\"1600\" \/>\n\t<meta property=\"og:image:height\" content=\"1100\" \/>\n\t<meta property=\"og:image:type\" content=\"image\/jpeg\" \/>\n<meta name=\"twitter:card\" content=\"summary_large_image\" \/>\n<meta name=\"twitter:label1\" content=\"Tahmini okuma s\u00fcresi\" \/>\n\t<meta name=\"twitter:data1\" content=\"1 dakika\" \/>\n<script type=\"application\/ld+json\" class=\"yoast-schema-graph\">{\"@context\":\"https:\/\/schema.org\",\"@graph\":[{\"@type\":\"WebPage\",\"@id\":\"https:\/\/akbimyazilim.com\/index.php\/ozelliklerimiz-akbim-yazilim\/\",\"url\":\"https:\/\/akbimyazilim.com\/index.php\/ozelliklerimiz-akbim-yazilim\/\",\"name\":\"\u00d6zelliklerimiz -\",\"isPartOf\":{\"@id\":\"https:\/\/akbimyazilim.com\/#website\"},\"primaryImageOfPage\":{\"@id\":\"https:\/\/akbimyazilim.com\/index.php\/ozelliklerimiz-akbim-yazilim\/#primaryimage\"},\"image\":{\"@id\":\"https:\/\/akbimyazilim.com\/index.php\/ozelliklerimiz-akbim-yazilim\/#primaryimage\"},\"thumbnailUrl\":\"https:\/\/akbimyazilim.com\/wp-content\/uploads\/2024\/08\/Yazilim-ve-Kodlama-Baslangic-Rehberi.jpg\",\"datePublished\":\"2024-08-09T14:33:40+00:00\",\"dateModified\":\"2024-08-15T14:03:48+00:00\",\"description\":\"A\u00e7\u0131klama:AKB\u0130M Yaz\u0131l\u0131m\u0131, kullan\u0131c\u0131lar\u0131n yaz\u0131l\u0131m\u0131 h\u0131zl\u0131 ve verimli bir \u015fekilde \u00f6\u011frenmesi i\u00e7in tasarlanm\u0131\u015f modern ve sezgisel bir aray\u00fcze sahiptir. Karma\u015f\u0131k i\u015flemleri basit ve anla\u015f\u0131l\u0131r bir \u015fekilde y\u00f6netmenizi sa\u011flar.2. Geli\u015fmi\u015f Analitik ve Raporlama Ara\u00e7lar\u0131A\u00e7\u0131klama:\u0130\u015f verilerinizi derinlemesine analiz etmenizi ve anlaml\u0131 raporlar olu\u015fturman\u0131z\u0131 sa\u011flayan geli\u015fmi\u015f analitik ara\u00e7lar sunar. Ki\u015fiselle\u015ftirilmi\u015f raporlar ve grafikler ile performans\u0131n\u0131z\u0131 ger\u00e7ek zamanl\u0131 olarak izleyebilirsiniz.\",\"breadcrumb\":{\"@id\":\"https:\/\/akbimyazilim.com\/index.php\/ozelliklerimiz-akbim-yazilim\/#breadcrumb\"},\"inLanguage\":\"tr\",\"potentialAction\":[{\"@type\":\"ReadAction\",\"target\":[\"https:\/\/akbimyazilim.com\/index.php\/ozelliklerimiz-akbim-yazilim\/\"]}]},{\"@type\":\"ImageObject\",\"inLanguage\":\"tr\",\"@id\":\"https:\/\/akbimyazilim.com\/index.php\/ozelliklerimiz-akbim-yazilim\/#primaryimage\",\"url\":\"https:\/\/akbimyazilim.com\/wp-content\/uploads\/2024\/08\/Yazilim-ve-Kodlama-Baslangic-Rehberi.jpg\",\"contentUrl\":\"https:\/\/akbimyazilim.com\/wp-content\/uploads\/2024\/08\/Yazilim-ve-Kodlama-Baslangic-Rehberi.jpg\",\"width\":1600,\"height\":1100,\"caption\":\"kodlama-reyhanli\"},{\"@type\":\"BreadcrumbList\",\"@id\":\"https:\/\/akbimyazilim.com\/index.php\/ozelliklerimiz-akbim-yazilim\/#breadcrumb\",\"itemListElement\":[{\"@type\":\"ListItem\",\"position\":1,\"name\":\"Anasayfa\",\"item\":\"https:\/\/akbimyazilim.com\/\"},{\"@type\":\"ListItem\",\"position\":2,\"name\":\"\u00d6zelliklerimiz\"}]},{\"@type\":\"WebSite\",\"@id\":\"https:\/\/akbimyazilim.com\/#website\",\"url\":\"https:\/\/akbimyazilim.com\/\",\"name\":\"Akbim Yaz\u0131l\u0131m\",\"description\":\"\",\"publisher\":{\"@id\":\"https:\/\/akbimyazilim.com\/#organization\"},\"potentialAction\":[{\"@type\":\"SearchAction\",\"target\":{\"@type\":\"EntryPoint\",\"urlTemplate\":\"https:\/\/akbimyazilim.com\/?s={search_term_string}\"},\"query-input\":\"required name=search_term_string\"}],\"inLanguage\":\"tr\"},{\"@type\":\"Organization\",\"@id\":\"https:\/\/akbimyazilim.com\/#organization\",\"name\":\"Akbim Yaz\u0131l\u0131m\",\"url\":\"https:\/\/akbimyazilim.com\/\",\"logo\":{\"@type\":\"ImageObject\",\"inLanguage\":\"tr\",\"@id\":\"https:\/\/akbimyazilim.com\/#\/schema\/logo\/image\/\",\"url\":\"https:\/\/akbimyazilim.com\/wp-content\/uploads\/2024\/08\/cropped-cropped-cropped-akbim-yazilim-logo-1-3.png\",\"contentUrl\":\"https:\/\/akbimyazilim.com\/wp-content\/uploads\/2024\/08\/cropped-cropped-cropped-akbim-yazilim-logo-1-3.png\",\"width\":188,\"height\":37,\"caption\":\"Akbim Yaz\u0131l\u0131m\"},\"image\":{\"@id\":\"https:\/\/akbimyazilim.com\/#\/schema\/logo\/image\/\"}}]}<\/script>\n<!-- \/ Yoast SEO plugin. -->","yoast_head_json":{"title":"\u00d6zelliklerimiz -","description":"A\u00e7\u0131klama:AKB\u0130M Yaz\u0131l\u0131m\u0131, kullan\u0131c\u0131lar\u0131n yaz\u0131l\u0131m\u0131 h\u0131zl\u0131 ve verimli bir \u015fekilde \u00f6\u011frenmesi i\u00e7in tasarlanm\u0131\u015f modern ve sezgisel bir aray\u00fcze sahiptir. Karma\u015f\u0131k i\u015flemleri basit ve anla\u015f\u0131l\u0131r bir \u015fekilde y\u00f6netmenizi sa\u011flar.2. Geli\u015fmi\u015f Analitik ve Raporlama Ara\u00e7lar\u0131A\u00e7\u0131klama:\u0130\u015f verilerinizi derinlemesine analiz etmenizi ve anlaml\u0131 raporlar olu\u015fturman\u0131z\u0131 sa\u011flayan geli\u015fmi\u015f analitik ara\u00e7lar sunar. Ki\u015fiselle\u015ftirilmi\u015f raporlar ve grafikler ile performans\u0131n\u0131z\u0131 ger\u00e7ek zamanl\u0131 olarak izleyebilirsiniz.","robots":{"index":"index","follow":"follow","max-snippet":"max-snippet:-1","max-image-preview":"max-image-preview:large","max-video-preview":"max-video-preview:-1"},"canonical":"https:\/\/akbimyazilim.com\/index.php\/ozelliklerimiz-akbim-yazilim\/","og_locale":"tr_TR","og_type":"article","og_title":"\u00d6zelliklerimiz -","og_description":"A\u00e7\u0131klama:AKB\u0130M Yaz\u0131l\u0131m\u0131, kullan\u0131c\u0131lar\u0131n yaz\u0131l\u0131m\u0131 h\u0131zl\u0131 ve verimli bir \u015fekilde \u00f6\u011frenmesi i\u00e7in tasarlanm\u0131\u015f modern ve sezgisel bir aray\u00fcze sahiptir. Karma\u015f\u0131k i\u015flemleri basit ve anla\u015f\u0131l\u0131r bir \u015fekilde y\u00f6netmenizi sa\u011flar.2. Geli\u015fmi\u015f Analitik ve Raporlama Ara\u00e7lar\u0131A\u00e7\u0131klama:\u0130\u015f verilerinizi derinlemesine analiz etmenizi ve anlaml\u0131 raporlar olu\u015fturman\u0131z\u0131 sa\u011flayan geli\u015fmi\u015f analitik ara\u00e7lar sunar. Ki\u015fiselle\u015ftirilmi\u015f raporlar ve grafikler ile performans\u0131n\u0131z\u0131 ger\u00e7ek zamanl\u0131 olarak izleyebilirsiniz.","og_url":"https:\/\/akbimyazilim.com\/index.php\/ozelliklerimiz-akbim-yazilim\/","article_modified_time":"2024-08-15T14:03:48+00:00","og_image":[{"width":1600,"height":1100,"url":"https:\/\/akbimyazilim.com\/wp-content\/uploads\/2024\/08\/Yazilim-ve-Kodlama-Baslangic-Rehberi.jpg","type":"image\/jpeg"}],"twitter_card":"summary_large_image","twitter_misc":{"Tahmini okuma s\u00fcresi":"1 dakika"},"schema":{"@context":"https:\/\/schema.org","@graph":[{"@type":"WebPage","@id":"https:\/\/akbimyazilim.com\/index.php\/ozelliklerimiz-akbim-yazilim\/","url":"https:\/\/akbimyazilim.com\/index.php\/ozelliklerimiz-akbim-yazilim\/","name":"\u00d6zelliklerimiz -","isPartOf":{"@id":"https:\/\/akbimyazilim.com\/#website"},"primaryImageOfPage":{"@id":"https:\/\/akbimyazilim.com\/index.php\/ozelliklerimiz-akbim-yazilim\/#primaryimage"},"image":{"@id":"https:\/\/akbimyazilim.com\/index.php\/ozelliklerimiz-akbim-yazilim\/#primaryimage"},"thumbnailUrl":"https:\/\/akbimyazilim.com\/wp-content\/uploads\/2024\/08\/Yazilim-ve-Kodlama-Baslangic-Rehberi.jpg","datePublished":"2024-08-09T14:33:40+00:00","dateModified":"2024-08-15T14:03:48+00:00","description":"A\u00e7\u0131klama:AKB\u0130M Yaz\u0131l\u0131m\u0131, kullan\u0131c\u0131lar\u0131n yaz\u0131l\u0131m\u0131 h\u0131zl\u0131 ve verimli bir \u015fekilde \u00f6\u011frenmesi i\u00e7in tasarlanm\u0131\u015f modern ve sezgisel bir aray\u00fcze sahiptir. Karma\u015f\u0131k i\u015flemleri basit ve anla\u015f\u0131l\u0131r bir \u015fekilde y\u00f6netmenizi sa\u011flar.2. Geli\u015fmi\u015f Analitik ve Raporlama Ara\u00e7lar\u0131A\u00e7\u0131klama:\u0130\u015f verilerinizi derinlemesine analiz etmenizi ve anlaml\u0131 raporlar olu\u015fturman\u0131z\u0131 sa\u011flayan geli\u015fmi\u015f analitik ara\u00e7lar sunar. Ki\u015fiselle\u015ftirilmi\u015f raporlar ve grafikler ile performans\u0131n\u0131z\u0131 ger\u00e7ek zamanl\u0131 olarak izleyebilirsiniz.","breadcrumb":{"@id":"https:\/\/akbimyazilim.com\/index.php\/ozelliklerimiz-akbim-yazilim\/#breadcrumb"},"inLanguage":"tr","potentialAction":[{"@type":"ReadAction","target":["https:\/\/akbimyazilim.com\/index.php\/ozelliklerimiz-akbim-yazilim\/"]}]},{"@type":"ImageObject","inLanguage":"tr","@id":"https:\/\/akbimyazilim.com\/index.php\/ozelliklerimiz-akbim-yazilim\/#primaryimage","url":"https:\/\/akbimyazilim.com\/wp-content\/uploads\/2024\/08\/Yazilim-ve-Kodlama-Baslangic-Rehberi.jpg","contentUrl":"https:\/\/akbimyazilim.com\/wp-content\/uploads\/2024\/08\/Yazilim-ve-Kodlama-Baslangic-Rehberi.jpg","width":1600,"height":1100,"caption":"kodlama-reyhanli"},{"@type":"BreadcrumbList","@id":"https:\/\/akbimyazilim.com\/index.php\/ozelliklerimiz-akbim-yazilim\/#breadcrumb","itemListElement":[{"@type":"ListItem","position":1,"name":"Anasayfa","item":"https:\/\/akbimyazilim.com\/"},{"@type":"ListItem","position":2,"name":"\u00d6zelliklerimiz"}]},{"@type":"WebSite","@id":"https:\/\/akbimyazilim.com\/#website","url":"https:\/\/akbimyazilim.com\/","name":"Akbim Yaz\u0131l\u0131m","description":"","publisher":{"@id":"https:\/\/akbimyazilim.com\/#organization"},"potentialAction":[{"@type":"SearchAction","target":{"@type":"EntryPoint","urlTemplate":"https:\/\/akbimyazilim.com\/?s={search_term_string}"},"query-input":"required name=search_term_string"}],"inLanguage":"tr"},{"@type":"Organization","@id":"https:\/\/akbimyazilim.com\/#organization","name":"Akbim Yaz\u0131l\u0131m","url":"https:\/\/akbimyazilim.com\/","logo":{"@type":"ImageObject","inLanguage":"tr","@id":"https:\/\/akbimyazilim.com\/#\/schema\/logo\/image\/","url":"https:\/\/akbimyazilim.com\/wp-content\/uploads\/2024\/08\/cropped-cropped-cropped-akbim-yazilim-logo-1-3.png","contentUrl":"https:\/\/akbimyazilim.com\/wp-content\/uploads\/2024\/08\/cropped-cropped-cropped-akbim-yazilim-logo-1-3.png","width":188,"height":37,"caption":"Akbim Yaz\u0131l\u0131m"},"image":{"@id":"https:\/\/akbimyazilim.com\/#\/schema\/logo\/image\/"}}]}},"_links":{"self":[{"href":"https:\/\/akbimyazilim.com\/index.php\/wp-json\/wp\/v2\/pages\/120","targetHints":{"allow":["GET"]}}],"collection":[{"href":"https:\/\/akbimyazilim.com\/index.php\/wp-json\/wp\/v2\/pages"}],"about":[{"href":"https:\/\/akbimyazilim.com\/index.php\/wp-json\/wp\/v2\/types\/page"}],"author":[{"embeddable":true,"href":"https:\/\/akbimyazilim.com\/index.php\/wp-json\/wp\/v2\/users\/1"}],"replies":[{"embeddable":true,"href":"https:\/\/akbimyazilim.com\/index.php\/wp-json\/wp\/v2\/comments?post=120"}],"version-history":[{"count":3,"href":"https:\/\/akbimyazilim.com\/index.php\/wp-json\/wp\/v2\/pages\/120\/revisions"}],"predecessor-version":[{"id":280,"href":"https:\/\/akbimyazilim.com\/index.php\/wp-json\/wp\/v2\/pages\/120\/revisions\/280"}],"wp:featuredmedia":[{"embeddable":true,"href":"https:\/\/akbimyazilim.com\/index.php\/wp-json\/wp\/v2\/media\/210"}],"wp:attachment":[{"href":"https:\/\/akbimyazilim.com\/index.php\/wp-json\/wp\/v2\/media?parent=120"}],"curies":[{"name":"wp","href":"https:\/\/api.w.org\/{rel}","templated":true}]}}